{"id":3923,"date":"2017-06-17T13:47:47","date_gmt":"2017-06-17T11:47:47","guid":{"rendered":"http:\/\/balneariodelugo.com\/?page_id=3923"},"modified":"2020-04-08T08:47:22","modified_gmt":"2020-04-08T08:47:22","slug":"arde-lvcvs-2","status":"publish","type":"page","link":"https:\/\/balneariodelugo.com\/gl\/arde-lvcvs-2\/","title":{"rendered":"ARDE LVCVS MMXVII \u00a1Os d\u00edas 30 de Xu\u00f1o, 1 e 2 de Xullo!"},"content":{"rendered":"<p style=\"text-align: center;\" align=\"center\"><img loading=\"lazy\" decoding=\"async\" class=\"alignnone size-full wp-image-3910\" src=\"http:\/\/balneariodelugo.com\/wp-content\/uploads\/2017\/06\/ardelucus.balneariodelugo.jpg\" alt=\"\" width=\"960\" height=\"720\"><\/p>\n<p style=\"text-align: center;\" align=\"center\"><strong>\u00a1Un ano mais Lugo preparase para a invasi\u00f3n romana!<\/strong><\/p>\n<p style=\"text-align: left;\">Durante estes d\u00edas poder\u00e1s revivir a historia romana e castrenxe da cidade.&nbsp; As r\u00faas recrean con detalle o ambiente daquela ep\u00f3ca, enchendoa de persoaxes t\u00edpicos, de actividades ancestrais, de guerreiros celtas, lexionarios romanos&#8230;e un esp\u00edritu de festa hist\u00f3rica que che fara retroceder no tempo.<\/p>\n<p style=\"text-align: left;\">Ademais, este ano, estrease co reco\u00f1ecemento de Festa de Interese Tur\u00edstico Nacional e incorpora moitisimas actividades. Entre elas, o Venres 30, \u00e1s 20:30h, trala entrada da lexi\u00f3n pola ponte romana, ter\u00e1 lugar a invocacion \u00e1s ninfas que se levar\u00e1 a cabo nas TERMAS ROMANAS DE LVCVS AVGVSTI.<\/p>\n<p style=\"text-align: center;\" align=\"center\">Na p\u00e1xina oficial das festas teredes acceso \u00e1s ultimas novidades e \u00e1 programacion de todalas actividades:&nbsp; http:\/\/www.ardelucus.com\/<\/p>\n<p style=\"text-align: center;\" align=\"center\"><strong>\u00a1VEN A DISFRUTALO! \u00a1ESPERAMOSTE!<\/strong><\/p>\n","protected":false},"excerpt":{"rendered":"<p>\u00a1Un ano mais Lugo preparase para a invasi\u00f3n romana! Durante estes d\u00edas poder\u00e1s revivir a historia romana e castrenxe da cidade.&nbsp; As r\u00faas recrean con detalle o ambiente daquela ep\u00f3ca, enchendoa de persoaxes t\u00edpicos, de actividades ancestrais, de guerreiros celtas, lexionarios romanos&#8230;e un esp\u00edritu de festa hist\u00f3rica que che fara retroceder no tempo. Ademais, este [&hellip;]<\/p>\n","protected":false},"author":4,"featured_media":0,"parent":0,"menu_order":0,"comment_status":"closed","ping_status":"closed","template":"","meta":{"footnotes":""},"class_list":["post-3923","page","type-page","status-publish"],"yoast_head":"<!-- This site is optimized with the Yoast SEO plugin v27.4 - https:\/\/yoast.com\/product\/yoast-seo-wordpress\/ -->\n<title>ARDE LVCVS MMXVII \u00a1Os d\u00edas 30 de Xu\u00f1o, 1 e 2 de Xullo! - Hotel Balneario de Lugo - Termas Romanas<\/title>\n<meta name=\"robots\" content=\"index, follow, max-snippet:-1, max-image-preview:large, max-video-preview:-1\" \/>\n<link rel=\"canonical\" href=\"https:\/\/balneariodelugo.com\/gl\/arde-lvcvs-2\/\" \/>\n<meta property=\"og:locale\" content=\"gl_ES\" \/>\n<meta property=\"og:type\" content=\"article\" \/>\n<meta property=\"og:title\" content=\"ARDE LVCVS MMXVII \u00a1Os d\u00edas 30 de Xu\u00f1o, 1 e 2 de Xullo! - Hotel Balneario de Lugo - Termas Romanas\" \/>\n<meta property=\"og:description\" content=\"\u00a1Un ano mais Lugo preparase para a invasi\u00f3n romana! Durante estes d\u00edas poder\u00e1s revivir a historia romana e castrenxe da cidade.&nbsp; As r\u00faas recrean con detalle o ambiente daquela ep\u00f3ca, enchendoa de persoaxes t\u00edpicos, de actividades ancestrais, de guerreiros celtas, lexionarios romanos&#8230;e un esp\u00edritu de festa hist\u00f3rica que che fara retroceder no tempo. Ademais, este [&hellip;]\" \/>\n<meta property=\"og:url\" content=\"https:\/\/balneariodelugo.com\/gl\/arde-lvcvs-2\/\" \/>\n<meta property=\"og:site_name\" content=\"Hotel Balneario de Lugo - Termas Romanas\" \/>\n<meta property=\"article:modified_time\" content=\"2020-04-08T08:47:22+00:00\" \/>\n<meta property=\"og:image\" content=\"http:\/\/balneariodelugo.com\/wp-content\/uploads\/2017\/06\/ardelucus.balneariodelugo.jpg\" \/>\n<meta name=\"twitter:label1\" content=\"Tempo de lectura\" \/>\n\t<meta name=\"twitter:data1\" content=\"1 minuto\" \/>\n<script type=\"application\/ld+json\" class=\"yoast-schema-graph\">{\"@context\":\"https:\\\/\\\/schema.org\",\"@graph\":[{\"@type\":\"WebPage\",\"@id\":\"https:\\\/\\\/balneariodelugo.com\\\/gl\\\/arde-lvcvs-2\\\/\",\"url\":\"https:\\\/\\\/balneariodelugo.com\\\/gl\\\/arde-lvcvs-2\\\/\",\"name\":\"ARDE LVCVS MMXVII \u00a1Os d\u00edas 30 de Xu\u00f1o, 1 e 2 de Xullo! - Hotel Balneario de Lugo - Termas Romanas\",\"isPartOf\":{\"@id\":\"https:\\\/\\\/balneariodelugo.com\\\/gl\\\/#website\"},\"primaryImageOfPage\":{\"@id\":\"https:\\\/\\\/balneariodelugo.com\\\/gl\\\/arde-lvcvs-2\\\/#primaryimage\"},\"image\":{\"@id\":\"https:\\\/\\\/balneariodelugo.com\\\/gl\\\/arde-lvcvs-2\\\/#primaryimage\"},\"thumbnailUrl\":\"http:\\\/\\\/balneariodelugo.com\\\/wp-content\\\/uploads\\\/2017\\\/06\\\/ardelucus.balneariodelugo.jpg\",\"datePublished\":\"2017-06-17T11:47:47+00:00\",\"dateModified\":\"2020-04-08T08:47:22+00:00\",\"breadcrumb\":{\"@id\":\"https:\\\/\\\/balneariodelugo.com\\\/gl\\\/arde-lvcvs-2\\\/#breadcrumb\"},\"inLanguage\":\"gl-ES\",\"potentialAction\":[{\"@type\":\"ReadAction\",\"target\":[\"https:\\\/\\\/balneariodelugo.com\\\/gl\\\/arde-lvcvs-2\\\/\"]}]},{\"@type\":\"ImageObject\",\"inLanguage\":\"gl-ES\",\"@id\":\"https:\\\/\\\/balneariodelugo.com\\\/gl\\\/arde-lvcvs-2\\\/#primaryimage\",\"url\":\"http:\\\/\\\/balneariodelugo.com\\\/wp-content\\\/uploads\\\/2017\\\/06\\\/ardelucus.balneariodelugo.jpg\",\"contentUrl\":\"http:\\\/\\\/balneariodelugo.com\\\/wp-content\\\/uploads\\\/2017\\\/06\\\/ardelucus.balneariodelugo.jpg\"},{\"@type\":\"BreadcrumbList\",\"@id\":\"https:\\\/\\\/balneariodelugo.com\\\/gl\\\/arde-lvcvs-2\\\/#breadcrumb\",\"itemListElement\":[{\"@type\":\"ListItem\",\"position\":1,\"name\":\"Portada\",\"item\":\"https:\\\/\\\/balneariodelugo.com\\\/gl\\\/\"},{\"@type\":\"ListItem\",\"position\":2,\"name\":\"ARDE LVCVS MMXVII \u00a1Os d\u00edas 30 de Xu\u00f1o, 1 e 2 de Xullo!\"}]},{\"@type\":\"WebSite\",\"@id\":\"https:\\\/\\\/balneariodelugo.com\\\/gl\\\/#website\",\"url\":\"https:\\\/\\\/balneariodelugo.com\\\/gl\\\/\",\"name\":\"Hotel Balneario de Lugo - Termas Romanas\",\"description\":\"\",\"potentialAction\":[{\"@type\":\"SearchAction\",\"target\":{\"@type\":\"EntryPoint\",\"urlTemplate\":\"https:\\\/\\\/balneariodelugo.com\\\/gl\\\/?s={search_term_string}\"},\"query-input\":{\"@type\":\"PropertyValueSpecification\",\"valueRequired\":true,\"valueName\":\"search_term_string\"}}],\"inLanguage\":\"gl-ES\"}]}<\/script>\n<!-- \/ Yoast SEO plugin. -->","yoast_head_json":{"title":"ARDE LVCVS MMXVII \u00a1Os d\u00edas 30 de Xu\u00f1o, 1 e 2 de Xullo! - Hotel Balneario de Lugo - Termas Romanas","robots":{"index":"index","follow":"follow","max-snippet":"max-snippet:-1","max-image-preview":"max-image-preview:large","max-video-preview":"max-video-preview:-1"},"canonical":"https:\/\/balneariodelugo.com\/gl\/arde-lvcvs-2\/","og_locale":"gl_ES","og_type":"article","og_title":"ARDE LVCVS MMXVII \u00a1Os d\u00edas 30 de Xu\u00f1o, 1 e 2 de Xullo! - Hotel Balneario de Lugo - Termas Romanas","og_description":"\u00a1Un ano mais Lugo preparase para a invasi\u00f3n romana! Durante estes d\u00edas poder\u00e1s revivir a historia romana e castrenxe da cidade.&nbsp; As r\u00faas recrean con detalle o ambiente daquela ep\u00f3ca, enchendoa de persoaxes t\u00edpicos, de actividades ancestrais, de guerreiros celtas, lexionarios romanos&#8230;e un esp\u00edritu de festa hist\u00f3rica que che fara retroceder no tempo. Ademais, este [&hellip;]","og_url":"https:\/\/balneariodelugo.com\/gl\/arde-lvcvs-2\/","og_site_name":"Hotel Balneario de Lugo - Termas Romanas","article_modified_time":"2020-04-08T08:47:22+00:00","og_image":[{"url":"http:\/\/balneariodelugo.com\/wp-content\/uploads\/2017\/06\/ardelucus.balneariodelugo.jpg","type":"","width":"","height":""}],"twitter_misc":{"Tempo de lectura":"1 minuto"},"schema":{"@context":"https:\/\/schema.org","@graph":[{"@type":"WebPage","@id":"https:\/\/balneariodelugo.com\/gl\/arde-lvcvs-2\/","url":"https:\/\/balneariodelugo.com\/gl\/arde-lvcvs-2\/","name":"ARDE LVCVS MMXVII \u00a1Os d\u00edas 30 de Xu\u00f1o, 1 e 2 de Xullo! - Hotel Balneario de Lugo - Termas Romanas","isPartOf":{"@id":"https:\/\/balneariodelugo.com\/gl\/#website"},"primaryImageOfPage":{"@id":"https:\/\/balneariodelugo.com\/gl\/arde-lvcvs-2\/#primaryimage"},"image":{"@id":"https:\/\/balneariodelugo.com\/gl\/arde-lvcvs-2\/#primaryimage"},"thumbnailUrl":"http:\/\/balneariodelugo.com\/wp-content\/uploads\/2017\/06\/ardelucus.balneariodelugo.jpg","datePublished":"2017-06-17T11:47:47+00:00","dateModified":"2020-04-08T08:47:22+00:00","breadcrumb":{"@id":"https:\/\/balneariodelugo.com\/gl\/arde-lvcvs-2\/#breadcrumb"},"inLanguage":"gl-ES","potentialAction":[{"@type":"ReadAction","target":["https:\/\/balneariodelugo.com\/gl\/arde-lvcvs-2\/"]}]},{"@type":"ImageObject","inLanguage":"gl-ES","@id":"https:\/\/balneariodelugo.com\/gl\/arde-lvcvs-2\/#primaryimage","url":"http:\/\/balneariodelugo.com\/wp-content\/uploads\/2017\/06\/ardelucus.balneariodelugo.jpg","contentUrl":"http:\/\/balneariodelugo.com\/wp-content\/uploads\/2017\/06\/ardelucus.balneariodelugo.jpg"},{"@type":"BreadcrumbList","@id":"https:\/\/balneariodelugo.com\/gl\/arde-lvcvs-2\/#breadcrumb","itemListElement":[{"@type":"ListItem","position":1,"name":"Portada","item":"https:\/\/balneariodelugo.com\/gl\/"},{"@type":"ListItem","position":2,"name":"ARDE LVCVS MMXVII \u00a1Os d\u00edas 30 de Xu\u00f1o, 1 e 2 de Xullo!"}]},{"@type":"WebSite","@id":"https:\/\/balneariodelugo.com\/gl\/#website","url":"https:\/\/balneariodelugo.com\/gl\/","name":"Hotel Balneario de Lugo - Termas Romanas","description":"","potentialAction":[{"@type":"SearchAction","target":{"@type":"EntryPoint","urlTemplate":"https:\/\/balneariodelugo.com\/gl\/?s={search_term_string}"},"query-input":{"@type":"PropertyValueSpecification","valueRequired":true,"valueName":"search_term_string"}}],"inLanguage":"gl-ES"}]}},"_links":{"self":[{"href":"https:\/\/balneariodelugo.com\/gl\/wp-json\/wp\/v2\/pages\/3923","targetHints":{"allow":["GET"]}}],"collection":[{"href":"https:\/\/balneariodelugo.com\/gl\/wp-json\/wp\/v2\/pages"}],"about":[{"href":"https:\/\/balneariodelugo.com\/gl\/wp-json\/wp\/v2\/types\/page"}],"author":[{"embeddable":true,"href":"https:\/\/balneariodelugo.com\/gl\/wp-json\/wp\/v2\/users\/4"}],"replies":[{"embeddable":true,"href":"https:\/\/balneariodelugo.com\/gl\/wp-json\/wp\/v2\/comments?post=3923"}],"version-history":[{"count":0,"href":"https:\/\/balneariodelugo.com\/gl\/wp-json\/wp\/v2\/pages\/3923\/revisions"}],"wp:attachment":[{"href":"https:\/\/balneariodelugo.com\/gl\/wp-json\/wp\/v2\/media?parent=3923"}],"curies":[{"name":"wp","href":"https:\/\/api.w.org\/{rel}","templated":true}]}}