{"id":3200,"date":"2015-11-11T13:33:55","date_gmt":"2015-11-11T12:33:55","guid":{"rendered":"http:\/\/balneariodelugo.com\/?page_id=3200"},"modified":"2024-05-16T12:06:46","modified_gmt":"2024-05-16T10:06:46","slug":"nota-legal","status":"publish","type":"page","link":"https:\/\/balneariodelugo.com\/gl\/nota-legal\/","title":{"rendered":"Nota legal"},"content":{"rendered":"<p>En cumprimento do art\u00edgo 10 da Lei 34\/2002, do 11 de Xullo, de Servizos da Sociedade da Informaci\u00f3n e Comercio Electr\u00f3nico, a continuaci\u00f3n exp\u00f3\u00f1ense\u00a0os datos identificativos da empresa.<\/p>\n<p><strong>Denominaci\u00f3n social<\/strong> Balneario y Termas de Lugo, S.L.<br \/>\n<strong>CIF\u00a0<\/strong> B27295898<br \/>\n<strong>Domicilio social<\/strong> Barrio del Puente s\/n CP 27004 Lugo<br \/>\n<strong>Tel\u00e9fono<\/strong> 982 221 228<br \/>\n<strong>Direcci\u00f3n de correo electr\u00f3nico<\/strong> balneario@balneariodelugo.com<br \/>\n<strong>Datos de inscripci\u00f3n no Rexistro Mercantil<\/strong> Inscrita no Rexistro Mercantil de Lugo Tomo 321 Hoja LU-9280 Inscripci\u00f3n 1\u00aa folio 109<\/p>\n<p><strong>Pol\u00edtica de privacidade e Protecci\u00f3n de datos personais<\/strong><br \/>\nA visita a este Website non supon que o usuario est\u00e9 obrigado a facilitar ningunha informaci\u00f3n sobre si mesmo. No caso de que proporcione o usuario algunha informaci\u00f3n de car\u00e1cter persoal, os datos recollidos\u00a0 neste website ser\u00e1n utilizados coa finalidade, na forma e coas limitacions e dereitos que recolle o Reglamento (UE) 2016\/679 do Parlamento Europeo e do Consello de 27 de abril de 2016 relativo a protecci\u00f3n das persoas f\u00edsicas no que respecta o tratamento de datos personais e a libre circulaci\u00f3n destes datos e polo que se deroga a Directiva 95\/46\/CE (Reglamento xeral de protecci\u00f3n de datos). Os datos facilitados polos usuarios ser\u00e1n incorporados os ficheiros de car\u00e1cter persoal dos que \u00e9 responsable <em>Hotel Balneario de Lugo<\/em>, que cumprir\u00e1 coa s\u00faa obriga de notificaci\u00f3n previa a Axencia de Protecci\u00f3n de Datos, da creaci\u00f3n de ficheiros de car\u00e1cter persoal e as\u00ed mesmo comunicar\u00e1 a citada Axencia, os cambios que se produzcan na finalidade do ficheiro automatizado, no seu responsable e na direcci\u00f3n da s\u00faa ubicaci\u00f3n. O Rexistro Xeral de Protecci\u00f3n de Datos inscribir\u00e1 os ficheiros, asegur\u00e1ndose <em>Hotel Balneario de Lugo<\/em>, que as notificacions se axustan os requisitos exixibles.<\/p>\n<p>As\u00ed mesmo <em>Hotel Balneario de Lugo<\/em>, adoptar\u00e1 t\u00f3dalas Medidas de Seguridade en relaci\u00f3n cos ficheiros e os datos tratados neles, de acordo co previsto na Lei Org\u00e1nica de Protecci\u00f3n de Datos de Car\u00e1cter Persoal.<\/p>\n<p>Os usuarios que faciliten datos de car\u00e1cter persoal, consinten\u00a0 a incorporaci\u00f3n dos\u00a0 seus datos aos ficheiros, que conte\u00f1an datos de car\u00e1cter persoal dos que sexa responsable <em>Hotel Balneario de Lugo<\/em>, as\u00ed como o tratamento informatizado ou non dos mesmos co fin de que poidan ser utilizados por\u00a0<em>Hotel Balneario de Lugo<\/em>, cunha finalidade comercial, financieira, de personalizaci\u00f3n, operativa e actividades propias do seu obxeto social, autorizando expresamente a <em>Hotel Balneario de Lugo<\/em>, para a extracci\u00f3n e almacenamento de datos co obxeto de adecuar as s\u00faas ofertas ao perfil particular, <em>Hotel Balneario de Lugo<\/em>, poder\u00e1 conservar os seus datos unha vez finalizada toda a relaci\u00f3n co usuario para cumprir obrigaci\u00f3ns legais.<\/p>\n<p>O titular dos datos comprom\u00e9tese a comunicar por escrito a <em>Hotel Balneario de Lugo<\/em>, calquer modificaci\u00f3n nos datos aportados. O titular autoriza a empresa <em>Hotel Balneario de Lugo<\/em>, a remitirlle informaci\u00f3n e publicidade relacionada coa actividade propia da empresa que pode resultar do seu interese, a trav\u00e9s de calquer medio de comunicaci\u00f3n (tel\u00e9fono, sms, fax, e-mail, correo, Internet ou calquer outro medio electr\u00f3nico). O consentimento entenderase prestado en tanto non comunique por escrito a revocaci\u00f3n do mesmo.<\/p>\n<p><em>Hotel Balneario de Lugo<\/em>, adoptou as medidas t\u00e9cnicas e organizativas necesarias para garantir a seguridade e integridade dos datos, as\u00ed como para evitar a s\u00faa alteraci\u00f3n, p\u00e9rdida, tratamento ou acceso non autorizado.<\/p>\n<p>Os usuarios que faciliten os seus datos de car\u00e1cter persoal, prestan o seu consentimento expreso para que poidan ser comunicados para a s\u00faa utilizaci\u00f3n a <em>Hotel Balneario de Lugo<\/em>, para a realizaci\u00f3n de actividades propias do seu obxeto social. Os usuarios que faciliten datos de car\u00e1cter persoal quedan informados que dita comunicaci\u00f3n\u00a0 prod\u00facese no mesmo momento no que proporcionan os datos a <em>Hotel Balneario de Lugo<\/em>.<\/p>\n<p>Os usuarios con datos que sexan obxeto de tratamento poder\u00e1n exercitar gratuitamente os dereitos de oposici\u00f3n, acceso e informaci\u00f3n, rectificacion, cancelaci\u00f3n dos seus datos e revocacion da s\u00faa autorizacion sen efectos retroactivos nos t\u00e9rminos especificados no\u00a0Reglamento (UE) 2016\/679 do Parlamento Europeo e do Consello do 27 de abril de 2016 relativo \u00e1 protecci\u00f3n das persoas f\u00edsicas no que respecta ao tratamento de datos personais e \u00e1libre circulaci\u00f3n deste datos e polo que se deroga a Directiva 95\/46\/CE (Reglamento xeral de protecci\u00f3n de datos).Estes dereitos poder\u00e1n ser exercitados dirixindo comunicaci\u00f3n por escrito a <em>Hotel Balneario de Lugo<\/em>, \u00e1 direcci\u00f3n\u00a0<em>Barrio del Puente s\/n CP 27004 Lugo\u00a0<\/em>Ref: Protecci\u00f3n de Datos.<\/p>\n<p>No momento de proceder \u00e1 recollida dos datos indicarase o car\u00e1cter voluntario ou obrigatorio dos datos obxeto de recollida. A negativa a proporcioar os datos calificados obrigatorios supo\u00f1era a non prestaci\u00f3n ou a imposibilidade de acceder ao servizo para os que eran solicitados. As\u00ed mesmo, poder\u00e1n facilitarse datos de modo voluntario co obxeto de que poidan prestarse de modo m\u00e1s \u00f3ptimo os servizos ofertados.<\/p>\n<p>No\u00a0 caso de que os usuarios deste Website deberan facilitar a s\u00faa direcci\u00f3n de correo electr\u00f3nico para acceder a alguns dos servizos ofertados poder\u00e1n manifestar que non desexan recibir ning\u00fan tipo de comunicaci\u00f3n que <em>Hotel Balneario de Lugo<\/em>., poidese enviar sempre que non est\u00e9 ligada estrictamente a finalidade para a que se solicitou o servizo.<\/p>\n<p><em>Hotel Balneario de Lugo<\/em>., po\u00f1er\u00e1 a disposici\u00f3n dos usuarios que se inscribiran nalg\u00fan tipo de listaxe de correo dentro desta Website os mecanismos adecuados para darse de baixa da mesma.<\/p>\n<p><strong>Responsabilidade<\/strong><br \/>\nToda persoa que acceda a este sitio web asume o papel de usuario, compromet\u00e9ndose \u00e1 observancia e cumprimento riguroso das disposicions aqu\u00ed dispostas, as\u00ed como a calquer outra disposici\u00f3n legal que fose de aplicaci\u00f3n.<br \/>\nO prestador ex\u00edmese de calquer tipo de responsabilidade derivada da informaci\u00f3n publicada no seu sitio web e pola falta de dispo\u00f1ibilidade (ca\u00eddas) do sitio o cal efectuar\u00e1 adem\u00e1is paradas peri\u00f3dicas por mantementos t\u00e9cnicos.<br \/>\nAdem\u00e1is, o prestador res\u00e9rvase o dereito\u00a0 a modificar calquer tipo de informaci\u00f3n que poidera aparecer no sitio web, sen que exista a obriga de preavisar ou por en co\u00f1ecemento dos usuarios ditas obrigaci\u00f3ns, entend\u00e9ndose como suficiente coa publicaci\u00f3n na web do prestador.<\/p>\n<p><strong>Uso de Cookies<\/strong><br \/>\nO sitio web do prestador pode utilizar cookies (pequenos arquivos de texto que o servidor env\u00eda ao ordenador de quen accede \u00e1 p\u00e1xina). Tr\u00e1tase dunha t\u00e9cnica usada de maneira habitual na Internet para levar a cabo determinadas funci\u00f3ns que son consideradas imprescindibes para o correcto funcionamento e visualizaci\u00f3n do sitio. As cookies utilizadas no sitio web te\u00f1en, en todo caso, car\u00e1cter temporal coa \u00fanica finalidade de facer m\u00e1is eficaz a s\u00faa transmisi\u00f3n ulterior e desaparecen ao terminar a sesi\u00f3n do usuario. En ning\u00fan caso utilizaranse as cookies para recoller informaci\u00f3n de car\u00e1cter persoal.<\/p>\n<p>Dende o sitio web do cliente \u00e9 posible que se redirixa a contidos de terceiros sitios web. Dado que o prestador non pode controlar sempre os contidos introducidos por terceiros nos seus sitios web, \u00e9ste non asume ning\u00fan tipo de responsabilidade respecto a ditos contidos. En todo caso, o prestador comprom\u00e9tese \u00e1 retirada inmediata de calquer contido que poidera incumprirr \u00e1 lexislaci\u00f3n nacional ou internacional, a moral ou a orden p\u00fablica, procedendo \u00e1 retirada inmediata da redirecci\u00f3n a dito sitio web, po\u00f1endo en co\u00f1ecemento das autoridades competentes o contido en cuesti\u00f3n.<\/p>\n<p><a href=\"http:\/\/balneariodelugo.com\/uso-de-cookies\/\"><em>\u00bb m\u00e1is informaci\u00f3n<\/em><\/a><\/p>\n<p><strong>Pol\u00edtica anti-spam<\/strong><\/p>\n<p>O prestador decl\u00e1rase completamente en contra do env\u00edo de comunicaci\u00f3ns comerciais non solicitadas e a calquer tipo de conducta ou manifestaci\u00f3n co\u00f1ecida como &#8220;spam&#8221;, as\u00ed mesmo decl\u00e1rase comprometido coa loita contra este tipo de pr\u00e1cticas abusivas. Por tanto, o prestador garantiza ao usuario que baixo ning\u00fan concepto os datos persoais recollidos no sitio web ser\u00e1n cedidos, compartidos, transferidos, nin vendidos a ning\u00fan terceiro.<\/p>\n<p>No caso de que a\u00ednda as\u00ed un usuario reciba comunicaci\u00f3ns sen dar o seu co\u00f1ecemento expreso, pode cancelar a suscripci\u00f3n dende os enlaces que se proporcionan na propia comunicaci\u00f3n, ou porse en contacto con nos a trav\u00e9s do formulario de contacto que se manten no sitio web, tanto para comunicar o sucedido como para solicitar a eliminaci\u00f3n inmediata dos seus datos do noso sistema.<\/p>\n<p><strong>Google Analytics<\/strong><\/p>\n<p>Google Analytics \u00e9 un servizo de an\u00e1lise de datos estad\u00edsticos prestado pola empresa Google\u00a0<a href=\"http:\/\/www.google.com\/policies\/privacy\/\" target=\"_blank\" rel=\"noopener noreferrer\">pol\u00edtica de privacidade<\/a>). balneariodelugo.com utiliza este servizo para realizar un seguimento das estad\u00edsticas de uso do mesmo.<br \/>\nGoogle Analytics utiliza cookies para axudar ao sitio web a analizar datos estad\u00edsticos sobre o uso do mesmo (n\u00famero de visitas totais, p\u00e1xinas m\u00e1is vistas, etc.). A informaci\u00f3n que xenera a cookie (incluindo a s\u00faa direcci\u00f3n IP) ser\u00e1 directamente transmitida e arquivada por Google nos servidores de Estados Unidos.<br \/>\nGoogle usar\u00e1 esta informaci\u00f3n por conta nosa co\u00a0 prop\u00f3sito de xerar informaci\u00f3n estad\u00edstica sobre o uso de balneariodelugo.com, Google non asociar\u00e1 a s\u00faa direcci\u00f3n IP con ning\u00fan outro dato do que dispo\u00f1a Google. Google poder\u00e1 transmitir dita informaci\u00f3n a terceiros cando as\u00ed o requira a lexislaci\u00f3n, ou cando ditos terceiros procesen a informaci\u00f3n por conta de Google.<br \/>\nPode Vostede rechazar o tratamento dos datos ou a informaci\u00f3n rechazando o uso de cookies mediante a selecci\u00f3n da configuraci\u00f3n apropiada do seu navegador, sen embargo, de facelo, limitar\u00e1 a plena funcionabilidade de balneariodelugo.com. Ao utilizar este sitio web, da o seu consentimento ao tratamento de informaci\u00f3n por Google na forma e para os fins arriba sinalados.<\/p>\n<div class=\"contact\"><\/div>\n","protected":false},"excerpt":{"rendered":"<p>En cumprimento do art\u00edgo 10 da Lei 34\/2002, do 11 de Xullo, de Servizos da Sociedade da Informaci\u00f3n e Comercio Electr\u00f3nico, a continuaci\u00f3n exp\u00f3\u00f1ense\u00a0os datos identificativos da empresa. Denominaci\u00f3n social Balneario y Termas de Lugo, S.L. CIF\u00a0 B27295898 Domicilio social Barrio del Puente s\/n CP 27004 Lugo Tel\u00e9fono 982 221 228 Direcci\u00f3n de correo electr\u00f3nico [&hellip;]<\/p>\n","protected":false},"author":4,"featured_media":0,"parent":0,"menu_order":0,"comment_status":"closed","ping_status":"closed","template":"","meta":{"footnotes":""},"class_list":["post-3200","page","type-page","status-publish"],"yoast_head":"<!-- This site is optimized with the Yoast SEO plugin v27.3 - https:\/\/yoast.com\/product\/yoast-seo-wordpress\/ -->\n<title>Nota legal | Hotel - Balneario de Lugo<\/title>\n<meta name=\"robots\" content=\"index, follow, max-snippet:-1, max-image-preview:large, max-video-preview:-1\" \/>\n<link rel=\"canonical\" href=\"https:\/\/balneariodelugo.com\/gl\/nota-legal\/\" \/>\n<meta property=\"og:locale\" content=\"gl_ES\" \/>\n<meta property=\"og:type\" content=\"article\" \/>\n<meta property=\"og:title\" content=\"Nota legal | Hotel - Balneario de Lugo\" \/>\n<meta property=\"og:description\" content=\"En cumprimento do art\u00edgo 10 da Lei 34\/2002, do 11 de Xullo, de Servizos da Sociedade da Informaci\u00f3n e Comercio Electr\u00f3nico, a continuaci\u00f3n exp\u00f3\u00f1ense\u00a0os datos identificativos da empresa. Denominaci\u00f3n social Balneario y Termas de Lugo, S.L. CIF\u00a0 B27295898 Domicilio social Barrio del Puente s\/n CP 27004 Lugo Tel\u00e9fono 982 221 228 Direcci\u00f3n de correo electr\u00f3nico [&hellip;]\" \/>\n<meta property=\"og:url\" content=\"https:\/\/balneariodelugo.com\/gl\/nota-legal\/\" \/>\n<meta property=\"og:site_name\" content=\"Hotel Balneario de Lugo - Termas Romanas\" \/>\n<meta property=\"article:modified_time\" content=\"2024-05-16T10:06:46+00:00\" \/>\n<meta name=\"twitter:label1\" content=\"Tempo de lectura\" \/>\n\t<meta name=\"twitter:data1\" content=\"7 minutos\" \/>\n<script type=\"application\/ld+json\" class=\"yoast-schema-graph\">{\"@context\":\"https:\\\/\\\/schema.org\",\"@graph\":[{\"@type\":\"WebPage\",\"@id\":\"https:\\\/\\\/balneariodelugo.com\\\/gl\\\/nota-legal\\\/\",\"url\":\"https:\\\/\\\/balneariodelugo.com\\\/gl\\\/nota-legal\\\/\",\"name\":\"Nota legal | Hotel - Balneario de Lugo\",\"isPartOf\":{\"@id\":\"https:\\\/\\\/balneariodelugo.com\\\/gl\\\/#website\"},\"datePublished\":\"2015-11-11T12:33:55+00:00\",\"dateModified\":\"2024-05-16T10:06:46+00:00\",\"breadcrumb\":{\"@id\":\"https:\\\/\\\/balneariodelugo.com\\\/gl\\\/nota-legal\\\/#breadcrumb\"},\"inLanguage\":\"gl-ES\",\"potentialAction\":[{\"@type\":\"ReadAction\",\"target\":[\"https:\\\/\\\/balneariodelugo.com\\\/gl\\\/nota-legal\\\/\"]}]},{\"@type\":\"BreadcrumbList\",\"@id\":\"https:\\\/\\\/balneariodelugo.com\\\/gl\\\/nota-legal\\\/#breadcrumb\",\"itemListElement\":[{\"@type\":\"ListItem\",\"position\":1,\"name\":\"Portada\",\"item\":\"https:\\\/\\\/balneariodelugo.com\\\/gl\\\/\"},{\"@type\":\"ListItem\",\"position\":2,\"name\":\"Nota legal\"}]},{\"@type\":\"WebSite\",\"@id\":\"https:\\\/\\\/balneariodelugo.com\\\/gl\\\/#website\",\"url\":\"https:\\\/\\\/balneariodelugo.com\\\/gl\\\/\",\"name\":\"Hotel Balneario de Lugo - Termas Romanas\",\"description\":\"\",\"potentialAction\":[{\"@type\":\"SearchAction\",\"target\":{\"@type\":\"EntryPoint\",\"urlTemplate\":\"https:\\\/\\\/balneariodelugo.com\\\/gl\\\/?s={search_term_string}\"},\"query-input\":{\"@type\":\"PropertyValueSpecification\",\"valueRequired\":true,\"valueName\":\"search_term_string\"}}],\"inLanguage\":\"gl-ES\"}]}<\/script>\n<!-- \/ Yoast SEO plugin. -->","yoast_head_json":{"title":"Nota legal | Hotel - Balneario de Lugo","robots":{"index":"index","follow":"follow","max-snippet":"max-snippet:-1","max-image-preview":"max-image-preview:large","max-video-preview":"max-video-preview:-1"},"canonical":"https:\/\/balneariodelugo.com\/gl\/nota-legal\/","og_locale":"gl_ES","og_type":"article","og_title":"Nota legal | Hotel - Balneario de Lugo","og_description":"En cumprimento do art\u00edgo 10 da Lei 34\/2002, do 11 de Xullo, de Servizos da Sociedade da Informaci\u00f3n e Comercio Electr\u00f3nico, a continuaci\u00f3n exp\u00f3\u00f1ense\u00a0os datos identificativos da empresa. Denominaci\u00f3n social Balneario y Termas de Lugo, S.L. CIF\u00a0 B27295898 Domicilio social Barrio del Puente s\/n CP 27004 Lugo Tel\u00e9fono 982 221 228 Direcci\u00f3n de correo electr\u00f3nico [&hellip;]","og_url":"https:\/\/balneariodelugo.com\/gl\/nota-legal\/","og_site_name":"Hotel Balneario de Lugo - Termas Romanas","article_modified_time":"2024-05-16T10:06:46+00:00","twitter_misc":{"Tempo de lectura":"7 minutos"},"schema":{"@context":"https:\/\/schema.org","@graph":[{"@type":"WebPage","@id":"https:\/\/balneariodelugo.com\/gl\/nota-legal\/","url":"https:\/\/balneariodelugo.com\/gl\/nota-legal\/","name":"Nota legal | Hotel - Balneario de Lugo","isPartOf":{"@id":"https:\/\/balneariodelugo.com\/gl\/#website"},"datePublished":"2015-11-11T12:33:55+00:00","dateModified":"2024-05-16T10:06:46+00:00","breadcrumb":{"@id":"https:\/\/balneariodelugo.com\/gl\/nota-legal\/#breadcrumb"},"inLanguage":"gl-ES","potentialAction":[{"@type":"ReadAction","target":["https:\/\/balneariodelugo.com\/gl\/nota-legal\/"]}]},{"@type":"BreadcrumbList","@id":"https:\/\/balneariodelugo.com\/gl\/nota-legal\/#breadcrumb","itemListElement":[{"@type":"ListItem","position":1,"name":"Portada","item":"https:\/\/balneariodelugo.com\/gl\/"},{"@type":"ListItem","position":2,"name":"Nota legal"}]},{"@type":"WebSite","@id":"https:\/\/balneariodelugo.com\/gl\/#website","url":"https:\/\/balneariodelugo.com\/gl\/","name":"Hotel Balneario de Lugo - Termas Romanas","description":"","potentialAction":[{"@type":"SearchAction","target":{"@type":"EntryPoint","urlTemplate":"https:\/\/balneariodelugo.com\/gl\/?s={search_term_string}"},"query-input":{"@type":"PropertyValueSpecification","valueRequired":true,"valueName":"search_term_string"}}],"inLanguage":"gl-ES"}]}},"_links":{"self":[{"href":"https:\/\/balneariodelugo.com\/gl\/wp-json\/wp\/v2\/pages\/3200","targetHints":{"allow":["GET"]}}],"collection":[{"href":"https:\/\/balneariodelugo.com\/gl\/wp-json\/wp\/v2\/pages"}],"about":[{"href":"https:\/\/balneariodelugo.com\/gl\/wp-json\/wp\/v2\/types\/page"}],"author":[{"embeddable":true,"href":"https:\/\/balneariodelugo.com\/gl\/wp-json\/wp\/v2\/users\/4"}],"replies":[{"embeddable":true,"href":"https:\/\/balneariodelugo.com\/gl\/wp-json\/wp\/v2\/comments?post=3200"}],"version-history":[{"count":0,"href":"https:\/\/balneariodelugo.com\/gl\/wp-json\/wp\/v2\/pages\/3200\/revisions"}],"wp:attachment":[{"href":"https:\/\/balneariodelugo.com\/gl\/wp-json\/wp\/v2\/media?parent=3200"}],"curies":[{"name":"wp","href":"https:\/\/api.w.org\/{rel}","templated":true}]}}