{"id":3187,"date":"2015-11-11T13:30:24","date_gmt":"2015-11-11T12:30:24","guid":{"rendered":"http:\/\/balneariodelugo.com\/?page_id=3187"},"modified":"2022-12-07T17:22:30","modified_gmt":"2022-12-07T16:22:30","slug":"termalismo-social","status":"publish","type":"page","link":"https:\/\/balneariodelugo.com\/gl\/termalismo-social\/","title":{"rendered":"Termalismo social"},"content":{"rendered":"<div class=\"content-wrapper twelve columns b0\">\n<div class=\"content clearfix\">\n<div class=\"text-content post-3187 page type-page status-publish hentry\">\n<p><strong>O prazo de presentaci\u00f3n de solicitudes para a convocatoria 2023 at\u00f3pase aberto.<\/strong><\/p>\n<h2>\u00bfQu\u00e9 \u00e9 o Programa de Termalismo Social?<\/h2>\n<p>O\u00a0<strong>Programa de Termalismo Social<\/strong> \u00e9 un servizo complementario \u00e1s prestaci\u00f3ns do Sistema da Seguridade Social que ten por obxeto proporcionar aos\/\u00e1s pensionistas que por prescripci\u00f3n facultativa precisen os tratamentos que se presten nos balnearios e que re\u00fanan determinados requisitos ao acceso a prezos reducidos a este tipo de establecementos, contribu\u00edndo a mellorar a calidade de vida das persoas maiores, as\u00ed como a promoci\u00f3n do envellecemento activo, a mellora da sa\u00fade e a prevenci\u00f3n da dependencia.<\/p>\n<p>A\u00a0finalidade do Programa de <strong>Termalismo Social<\/strong> son os tratamentos termais por prescripci\u00f3n facultativa, que ten como obxectivo a rehabilitaci\u00f3n dunha doenza\u00a0ou a prevenci\u00f3n e\/ou curaci\u00f3n das chamadas enfermidades invalidantes.<\/p>\n<h2>\u00bfQu\u00e9nes poden participar no Programa Termalismo Social?<\/h2>\n<p>Te\u00f1en acceso ao\u00a0<strong>Termalismo Social<\/strong>\u00a0os <strong>pensionistas de xubilaci\u00f3n ou incapacidade permanente <\/strong>\u00a0do Sistema da Seguridade Social espa\u00f1ol, <strong>os pensionistas de viudedade con cincuenta e cinco anos<\/strong> ou m\u00e1is de idade do Sistema de Seguridade Social espa\u00f1ol, <strong>os pensionistas por outros conceptos e perceptores de prestaci\u00f3ns ou subsidios de desempleo con sesenta<\/strong> ou m\u00e1is anos de idade ou ser asegurado ou beneficiario do Sistema da Seguridade Social espa\u00f1ola, con sesenta e cinco o m\u00e1is anos de idade.<\/p>\n<p>Outros requisitos para participar en <em>Termalismo Social<\/em> son valerse por s\u00ed mesmo para realizar as actividades b\u00e1sicas da vida diaria, non padecer alteraci\u00f3nss de comportamento que poidan alterar a normal convivencia nos establecementos, nin padecer enfermedad infecto contaxiosa, necesitar os tratamentos termais solicitados e carecer de contraindicaci\u00f3n m\u00e9dica para a recepci\u00f3n dos mesmos.<br \/>\nO solicitante pode ir acompa\u00f1ado do seu c\u00f3nxuxe, para o que non se exixen os requisitos de pensi\u00f3n e idade.<\/p>\n<h2>\u00bfQu\u00e9 servizos ofrece o Programa?<\/h2>\n<p>O programa de <strong>Termalismo Social <\/strong>ofrece os seguintes <strong>servizos<\/strong>:<\/p>\n<ul>\n<li style=\"list-style-type: none;\">\n<ul>\n<li>Aloxamento e manutenci\u00f3n en r\u00e9ximen de pensi\u00f3n completa e en habitaci\u00f3ns dobres de uso compartido.<\/li>\n<\/ul>\n<\/li>\n<\/ul>\n<ul>\n<li style=\"list-style-type: none;\">\n<ul>\n<li>Tratamentos termais b\u00e1sicos, que incl\u00faen a prescripci\u00f3n do tratamento polo m\u00e9dico do balneario, a impartici\u00f3n do tratamento termal que, en cada caso, prescriba o m\u00e9dico e o seu posterior seguimento m\u00e9dico.<\/li>\n<\/ul>\n<ul>\n<li>Realizaci\u00f3n de Actividades de animaci\u00f3n.<\/li>\n<\/ul>\n<\/li>\n<\/ul>\n<ul>\n<li style=\"list-style-type: none;\">\n<ul>\n<li>\u00a0P\u00f3liza colectica de seguro tur\u00edstico.<\/li>\n<\/ul>\n<\/li>\n<\/ul>\n<p>Hai turnos de 12 d\u00edas (11 noites) e de 10 d\u00edas (9 noites).<br \/>\nEn todo caso os usuarios do Programa realizan os desprazamentos os balnearios directamente polos seus propios medios.<\/p>\n<h2>\u00bfC\u00e1ndo e c\u00f3mo se solicita praza no Programa Termalismo Social?<\/h2>\n<div class=\"introduccion\">\n<p>As solicitudes de participaci\u00f3n no programa de termalismo para 2023 deber\u00e1n ser presentadas, conforme a dous prazos establecidos.<\/p>\n<p>A. Para participar no\u00a0<strong>proceso de adxudicaci\u00f3n de praza<\/strong>:<\/p>\n<p>1.\u00ba Para os\u00a0<strong>turnos dos meses de febreiro a agosto<\/strong>, ambos inclusive:\u00a0<strong>ata o d\u00eda 09 de xaneiro do 2023<\/strong><\/p>\n<p>2.\u00ba Para os\u00a0<strong>turnos dos meses de setembro a decembro: ata o d\u00eda 15 de maio de 2023<\/strong>.<\/p>\n<p>B. Para a s\u00faa inclusi\u00f3n na Lista de Espera de prazas, para cubrilas prazas que vaian quedando vacantes por renuncias ou outras circunstancias:<\/p>\n<p>1.\u00ba Para os\u00a0<strong>turnos dos meses de febreiro a agosto<\/strong>, ambos inclusive:\u00a0<strong>ata o d\u00eda 14 de maio de 2023<\/strong>.<\/p>\n<p>2.\u00ba Para os<strong> turnos dos meses de setembro a decembro: ata o d\u00eda 15 de novembro de 2023<\/strong>.<\/p>\n<\/div>\n<p>S\u00f3dese descargar a <strong><a href=\"http:\/\/www.imserso.es\/InterPresent2\/groups\/imserso\/documents\/binario\/solicitud_bal.pdf\" target=\"_blank\" rel=\"noopener noreferrer\">solicitude para o programa Termalismo Social<\/a><\/strong>\u00a0na p\u00e1xina web do Imserso: <a href=\"https:\/\/imserso.es\/web\/sede-electronica\/procedimiento-servicios\/detalle\/-\/asset_publisher\/Clv43EZRrpqn\/content\/programa-de-termalismo-del-imserso\/20123?_com_liferay_asset_publisher_web_portlet_AssetPublisherPortlet_INSTANCE_Clv43EZRrpqn_assetEntryId=118105&amp;redirect=%2Fweb%2Fsede-electronica%2Fprocedimientos-servicios%2Fturismo-termalismo-imserso\" target=\"_blank\" rel=\"noopener noreferrer\">\u00bb descargar solicitude<\/a><\/p>\n<p>Para a <strong>cumplimentaci\u00f3n e presentaci\u00f3n das solicitudes<\/strong> disponse dos seguintes medios:<\/p>\n<ul>\n<li>Pola s\u00faa sencillez, rapidez e seguridade, recomendamos <strong>a presentaci\u00f3n de novas solicitudes de forma telem\u00e1tica a trav\u00e9s da <a title=\"Abre nueva ventana\" href=\"https:\/\/www.imserso.es\/sede_01\/proc_sede\/detalle_proc_sede\/index.htm?id=2\" target=\"_blank\" rel=\"noopener\">sede electr\u00f3nica do <abbr title=\"Instituto de Mayores y Servicios Sociales\">Imserso<\/abbr><img decoding=\"async\" src=\"https:\/\/www.imserso.es\/InterPresent2\/groups\/imagenes\/documents\/imagen\/ventana_nueva.gif\" alt=\"Abre nueva ventana\" \/><\/a><\/strong>. O<em> acceso a\u00a0 solicitud deste procede<\/em><em>mento <strong>non require autenticaci\u00f3n electr\u00f3nica<\/strong> (Cl@ve, certificado electr\u00f3nico ou DNI electr\u00f3nico) por parte da persoa interesada<\/em>.<\/li>\n<li>Descargando da p\u00e1xina web do <abbr title=\"Instituto de Mayores y Servicios Sociales\">Imserso<\/abbr> o modelo de solicitude de participaci\u00f3n no programa de termalismo para a tempada 2021. Unha vez cumprimentado deber\u00e1 remitilo por alg\u00fan dos seguintes medios:\n<ul>\n<li>A trav\u00e9s dos rexistros electr\u00f3nicos e oficinas relacionados no art\u00edgo 9 da Orden SSI\/1688\/2015, de 30 de xullo, pola que se regula o programa de termalismo do <abbr title=\"Instituto de Mayores y Servicios Sociales\">Imserso<\/abbr>.<\/li>\n<li>En sobre franqueado, non por correo certificado, a\u00a0 direcci\u00f3n: Programa de Termalismo del <abbr title=\"Instituto de Mayores y Servicios Sociales\">Imserso<\/abbr>, apartado de correos 61.285 28080 Madrid.<\/li>\n<\/ul>\n<\/li>\n<\/ul>\n<h3>M\u00e1Is informaci\u00f3n sobre Termalismo Social:<\/h3>\n<p><u><strong><a href=\"http:\/\/www.imserso.es\/imserso_01\/envejecimiento_activo\/termalismo\/index.htm\" target=\"_blank\" rel=\"noopener noreferrer\">Termalismo Social. Web do Imserso<\/a><\/strong><\/u><\/p>\n<p><u><strong><a href=\"http:\/\/www.imserso.es\/\" target=\"_blank\" rel=\"noopener noreferrer\">Web do Imserso<\/a> <\/strong><\/u><strong>(principal)<\/strong><\/p>\n<\/div>\n<\/div>\n<\/div>\n","protected":false},"excerpt":{"rendered":"<p>O prazo de presentaci\u00f3n de solicitudes para a convocatoria 2023 at\u00f3pase aberto. \u00bfQu\u00e9 \u00e9 o Programa de Termalismo Social? O\u00a0Programa de Termalismo Social \u00e9 un servizo complementario \u00e1s prestaci\u00f3ns do Sistema da Seguridade Social que ten por obxeto proporcionar aos\/\u00e1s pensionistas que por prescripci\u00f3n facultativa precisen os tratamentos que se presten nos balnearios e que [&hellip;]<\/p>\n","protected":false},"author":4,"featured_media":0,"parent":0,"menu_order":0,"comment_status":"closed","ping_status":"closed","template":"","meta":{"footnotes":""},"class_list":["post-3187","page","type-page","status-publish"],"yoast_head":"<!-- This site is optimized with the Yoast SEO plugin v27.3 - https:\/\/yoast.com\/product\/yoast-seo-wordpress\/ -->\n<title>Programa de Termalismo Social - Informaci\u00f3n e plazos<\/title>\n<meta name=\"robots\" content=\"index, follow, max-snippet:-1, max-image-preview:large, max-video-preview:-1\" \/>\n<link rel=\"canonical\" href=\"https:\/\/balneariodelugo.com\/gl\/termalismo-social\/\" \/>\n<meta property=\"og:locale\" content=\"gl_ES\" \/>\n<meta property=\"og:type\" content=\"article\" \/>\n<meta property=\"og:title\" content=\"Programa de Termalismo Social - Informaci\u00f3n e plazos\" \/>\n<meta property=\"og:description\" content=\"O prazo de presentaci\u00f3n de solicitudes para a convocatoria 2023 at\u00f3pase aberto. \u00bfQu\u00e9 \u00e9 o Programa de Termalismo Social? O\u00a0Programa de Termalismo Social \u00e9 un servizo complementario \u00e1s prestaci\u00f3ns do Sistema da Seguridade Social que ten por obxeto proporcionar aos\/\u00e1s pensionistas que por prescripci\u00f3n facultativa precisen os tratamentos que se presten nos balnearios e que [&hellip;]\" \/>\n<meta property=\"og:url\" content=\"https:\/\/balneariodelugo.com\/gl\/termalismo-social\/\" \/>\n<meta property=\"og:site_name\" content=\"Hotel Balneario de Lugo - Termas Romanas\" \/>\n<meta property=\"article:modified_time\" content=\"2022-12-07T16:22:30+00:00\" \/>\n<meta property=\"og:image\" content=\"https:\/\/www.imserso.es\/InterPresent2\/groups\/imagenes\/documents\/imagen\/ventana_nueva.gif\" \/>\n<meta name=\"twitter:label1\" content=\"Tempo de lectura\" \/>\n\t<meta name=\"twitter:data1\" content=\"4 minutos\" \/>\n<script type=\"application\/ld+json\" class=\"yoast-schema-graph\">{\"@context\":\"https:\\\/\\\/schema.org\",\"@graph\":[{\"@type\":\"WebPage\",\"@id\":\"https:\\\/\\\/balneariodelugo.com\\\/gl\\\/termalismo-social\\\/\",\"url\":\"https:\\\/\\\/balneariodelugo.com\\\/gl\\\/termalismo-social\\\/\",\"name\":\"Programa de Termalismo Social - Informaci\u00f3n e plazos\",\"isPartOf\":{\"@id\":\"https:\\\/\\\/balneariodelugo.com\\\/gl\\\/#website\"},\"primaryImageOfPage\":{\"@id\":\"https:\\\/\\\/balneariodelugo.com\\\/gl\\\/termalismo-social\\\/#primaryimage\"},\"image\":{\"@id\":\"https:\\\/\\\/balneariodelugo.com\\\/gl\\\/termalismo-social\\\/#primaryimage\"},\"thumbnailUrl\":\"https:\\\/\\\/www.imserso.es\\\/InterPresent2\\\/groups\\\/imagenes\\\/documents\\\/imagen\\\/ventana_nueva.gif\",\"datePublished\":\"2015-11-11T12:30:24+00:00\",\"dateModified\":\"2022-12-07T16:22:30+00:00\",\"breadcrumb\":{\"@id\":\"https:\\\/\\\/balneariodelugo.com\\\/gl\\\/termalismo-social\\\/#breadcrumb\"},\"inLanguage\":\"gl-ES\",\"potentialAction\":[{\"@type\":\"ReadAction\",\"target\":[\"https:\\\/\\\/balneariodelugo.com\\\/gl\\\/termalismo-social\\\/\"]}]},{\"@type\":\"ImageObject\",\"inLanguage\":\"gl-ES\",\"@id\":\"https:\\\/\\\/balneariodelugo.com\\\/gl\\\/termalismo-social\\\/#primaryimage\",\"url\":\"https:\\\/\\\/www.imserso.es\\\/InterPresent2\\\/groups\\\/imagenes\\\/documents\\\/imagen\\\/ventana_nueva.gif\",\"contentUrl\":\"https:\\\/\\\/www.imserso.es\\\/InterPresent2\\\/groups\\\/imagenes\\\/documents\\\/imagen\\\/ventana_nueva.gif\"},{\"@type\":\"BreadcrumbList\",\"@id\":\"https:\\\/\\\/balneariodelugo.com\\\/gl\\\/termalismo-social\\\/#breadcrumb\",\"itemListElement\":[{\"@type\":\"ListItem\",\"position\":1,\"name\":\"Portada\",\"item\":\"https:\\\/\\\/balneariodelugo.com\\\/gl\\\/\"},{\"@type\":\"ListItem\",\"position\":2,\"name\":\"Termalismo social\"}]},{\"@type\":\"WebSite\",\"@id\":\"https:\\\/\\\/balneariodelugo.com\\\/gl\\\/#website\",\"url\":\"https:\\\/\\\/balneariodelugo.com\\\/gl\\\/\",\"name\":\"Hotel Balneario de Lugo - Termas Romanas\",\"description\":\"\",\"potentialAction\":[{\"@type\":\"SearchAction\",\"target\":{\"@type\":\"EntryPoint\",\"urlTemplate\":\"https:\\\/\\\/balneariodelugo.com\\\/gl\\\/?s={search_term_string}\"},\"query-input\":{\"@type\":\"PropertyValueSpecification\",\"valueRequired\":true,\"valueName\":\"search_term_string\"}}],\"inLanguage\":\"gl-ES\"}]}<\/script>\n<!-- \/ Yoast SEO plugin. -->","yoast_head_json":{"title":"Programa de Termalismo Social - Informaci\u00f3n e plazos","robots":{"index":"index","follow":"follow","max-snippet":"max-snippet:-1","max-image-preview":"max-image-preview:large","max-video-preview":"max-video-preview:-1"},"canonical":"https:\/\/balneariodelugo.com\/gl\/termalismo-social\/","og_locale":"gl_ES","og_type":"article","og_title":"Programa de Termalismo Social - Informaci\u00f3n e plazos","og_description":"O prazo de presentaci\u00f3n de solicitudes para a convocatoria 2023 at\u00f3pase aberto. \u00bfQu\u00e9 \u00e9 o Programa de Termalismo Social? O\u00a0Programa de Termalismo Social \u00e9 un servizo complementario \u00e1s prestaci\u00f3ns do Sistema da Seguridade Social que ten por obxeto proporcionar aos\/\u00e1s pensionistas que por prescripci\u00f3n facultativa precisen os tratamentos que se presten nos balnearios e que [&hellip;]","og_url":"https:\/\/balneariodelugo.com\/gl\/termalismo-social\/","og_site_name":"Hotel Balneario de Lugo - Termas Romanas","article_modified_time":"2022-12-07T16:22:30+00:00","og_image":[{"url":"https:\/\/www.imserso.es\/InterPresent2\/groups\/imagenes\/documents\/imagen\/ventana_nueva.gif","type":"","width":"","height":""}],"twitter_misc":{"Tempo de lectura":"4 minutos"},"schema":{"@context":"https:\/\/schema.org","@graph":[{"@type":"WebPage","@id":"https:\/\/balneariodelugo.com\/gl\/termalismo-social\/","url":"https:\/\/balneariodelugo.com\/gl\/termalismo-social\/","name":"Programa de Termalismo Social - Informaci\u00f3n e plazos","isPartOf":{"@id":"https:\/\/balneariodelugo.com\/gl\/#website"},"primaryImageOfPage":{"@id":"https:\/\/balneariodelugo.com\/gl\/termalismo-social\/#primaryimage"},"image":{"@id":"https:\/\/balneariodelugo.com\/gl\/termalismo-social\/#primaryimage"},"thumbnailUrl":"https:\/\/www.imserso.es\/InterPresent2\/groups\/imagenes\/documents\/imagen\/ventana_nueva.gif","datePublished":"2015-11-11T12:30:24+00:00","dateModified":"2022-12-07T16:22:30+00:00","breadcrumb":{"@id":"https:\/\/balneariodelugo.com\/gl\/termalismo-social\/#breadcrumb"},"inLanguage":"gl-ES","potentialAction":[{"@type":"ReadAction","target":["https:\/\/balneariodelugo.com\/gl\/termalismo-social\/"]}]},{"@type":"ImageObject","inLanguage":"gl-ES","@id":"https:\/\/balneariodelugo.com\/gl\/termalismo-social\/#primaryimage","url":"https:\/\/www.imserso.es\/InterPresent2\/groups\/imagenes\/documents\/imagen\/ventana_nueva.gif","contentUrl":"https:\/\/www.imserso.es\/InterPresent2\/groups\/imagenes\/documents\/imagen\/ventana_nueva.gif"},{"@type":"BreadcrumbList","@id":"https:\/\/balneariodelugo.com\/gl\/termalismo-social\/#breadcrumb","itemListElement":[{"@type":"ListItem","position":1,"name":"Portada","item":"https:\/\/balneariodelugo.com\/gl\/"},{"@type":"ListItem","position":2,"name":"Termalismo social"}]},{"@type":"WebSite","@id":"https:\/\/balneariodelugo.com\/gl\/#website","url":"https:\/\/balneariodelugo.com\/gl\/","name":"Hotel Balneario de Lugo - Termas Romanas","description":"","potentialAction":[{"@type":"SearchAction","target":{"@type":"EntryPoint","urlTemplate":"https:\/\/balneariodelugo.com\/gl\/?s={search_term_string}"},"query-input":{"@type":"PropertyValueSpecification","valueRequired":true,"valueName":"search_term_string"}}],"inLanguage":"gl-ES"}]}},"_links":{"self":[{"href":"https:\/\/balneariodelugo.com\/gl\/wp-json\/wp\/v2\/pages\/3187","targetHints":{"allow":["GET"]}}],"collection":[{"href":"https:\/\/balneariodelugo.com\/gl\/wp-json\/wp\/v2\/pages"}],"about":[{"href":"https:\/\/balneariodelugo.com\/gl\/wp-json\/wp\/v2\/types\/page"}],"author":[{"embeddable":true,"href":"https:\/\/balneariodelugo.com\/gl\/wp-json\/wp\/v2\/users\/4"}],"replies":[{"embeddable":true,"href":"https:\/\/balneariodelugo.com\/gl\/wp-json\/wp\/v2\/comments?post=3187"}],"version-history":[{"count":0,"href":"https:\/\/balneariodelugo.com\/gl\/wp-json\/wp\/v2\/pages\/3187\/revisions"}],"wp:attachment":[{"href":"https:\/\/balneariodelugo.com\/gl\/wp-json\/wp\/v2\/media?parent=3187"}],"curies":[{"name":"wp","href":"https:\/\/api.w.org\/{rel}","templated":true}]}}