{"id":15941,"date":"2020-06-23T10:00:26","date_gmt":"2020-06-23T10:00:26","guid":{"rendered":"https:\/\/balneariodelugo.com\/?page_id=15941"},"modified":"2020-06-23T10:01:43","modified_gmt":"2020-06-23T10:01:43","slug":"politica-de-calidade","status":"publish","type":"page","link":"https:\/\/balneariodelugo.com\/gl\/politica-de-calidade\/","title":{"rendered":"Pol\u00edtica de calidade"},"content":{"rendered":"<p>BALNEARIO E TERMAS DE LUGO disp\u00f3n dun balneario con hotel de 3 estrelas e a s\u00faa finalidade \u00e9 manter a s\u00faa posici\u00f3n de liderado no sector sendo un referente para ter en conta. A calidade ha de percibirse nas s\u00faas instalaci\u00f3ns pero sobre todo no seu servizo encami\u00f1ado sempre \u00e1 percepci\u00f3n da excelencia por parte dos clientes. O conxunto de actividades que se desenvolven en BALNEARIO E TERMAS DE LUGO S.L. van orientadas a satisfacer as necesidades e expectativas dos nosos clientes fomentando a accesibilidade destes e a permitir a s\u00faa fidelizaci\u00f3n sempre desde o marco da calidade, dirixindo os nosos esforzos cara \u00e1 mellora constante e aplicando os principios de responsabilidade social aos nosos empregados.<\/p>\n<p>Para o logro dos nosos obxectivos, todos debemos implicarnos, achegando e recibindo a informaci\u00f3n, formaci\u00f3n e motivaci\u00f3n adecuadas para asegurar e mellorar de forma continua a calidade en toda a organizaci\u00f3n. A implicaci\u00f3n de todos \u00e9 fundamental para a consecuci\u00f3n, o mantemento e a mellora deste nivel de calidade do servizo e de profesionalidade do persoal de BALNEARIO E TERMAS DE LUGO S.L.<\/p>\n<p>En BALNEARIO E TERMAS DE LUGO S.L. potenciamos que cada unidade de servizo adquira un nivel de autosuficiencia e autonom\u00eda potenciando as actividades de auto inspecci\u00f3n e autocontrol, desenvolvendo a polivalencia do persoal pertencente a cada unidade e fomentar a integraci\u00f3n nas diversas causas dos problemas dos grupos de traballo. O BALNEARIO E TERMAS DE LUGO S.L. ha de ser unha organizaci\u00f3n que transmita unha imaxe de flexibilidade e adaptaci\u00f3n \u00e1s necesidades dos clientes potenciando un servizo de calidade orientado \u00e1 excelencia do mesmo, tendo sempre como premisa o respecto e o cumprimento da lexislaci\u00f3n vixente, sen esquecernos do compromiso co medio ambiente e a contorna social.<\/p>\n<p>Compromiso responsable orientado \u00e1 reduci\u00f3n de impactos xerados polo consumo de materiais, auga e enerx\u00eda, e \u00e1 xesti\u00f3n adecuada dos residuos xerados propiciando a reciclaxe no desenvolvemento da nosa actividade. Pero tam\u00e9n \u00e9 un compromiso coas persoas, favorecendo o desenvolvemento persoal e profesional dos traballadores, desenvolvendo a polivalencia do persoal pertencente a cada unidade e fomentando a integraci\u00f3n nas diversas causas dos problemas dos grupos de traballo.<\/p>\n<p>BALNEARIO E TERMAS DE LUGO S.L. estende devanditos compromisos involucrando a provedores e clientes. A participaci\u00f3n de todos \u00e9 fundamental para dar cumprimento aos devanditos principios e avanzar cara \u00e1 mellora continua.<\/p>\n","protected":false},"excerpt":{"rendered":"<p>BALNEARIO E TERMAS DE LUGO disp\u00f3n dun balneario con hotel de 3 estrelas e a s\u00faa finalidade \u00e9 manter a s\u00faa posici\u00f3n de liderado no sector sendo un referente para ter en conta. A calidade ha de percibirse nas s\u00faas instalaci\u00f3ns pero sobre todo no seu servizo encami\u00f1ado sempre \u00e1 percepci\u00f3n da excelencia por parte [&hellip;]<\/p>\n","protected":false},"author":4,"featured_media":0,"parent":0,"menu_order":0,"comment_status":"closed","ping_status":"closed","template":"","meta":{"footnotes":""},"class_list":["post-15941","page","type-page","status-publish"],"yoast_head":"<!-- This site is optimized with the Yoast SEO plugin v27.4 - https:\/\/yoast.com\/product\/yoast-seo-wordpress\/ -->\n<title>Pol\u00edtica de calidade | Hotel - Balneario de Lugo<\/title>\n<meta name=\"robots\" content=\"index, follow, max-snippet:-1, max-image-preview:large, max-video-preview:-1\" \/>\n<link rel=\"canonical\" href=\"https:\/\/balneariodelugo.com\/gl\/politica-de-calidade\/\" \/>\n<meta property=\"og:locale\" content=\"gl_ES\" \/>\n<meta property=\"og:type\" content=\"article\" \/>\n<meta property=\"og:title\" content=\"Pol\u00edtica de calidade | Hotel - Balneario de Lugo\" \/>\n<meta property=\"og:description\" content=\"BALNEARIO E TERMAS DE LUGO disp\u00f3n dun balneario con hotel de 3 estrelas e a s\u00faa finalidade \u00e9 manter a s\u00faa posici\u00f3n de liderado no sector sendo un referente para ter en conta. A calidade ha de percibirse nas s\u00faas instalaci\u00f3ns pero sobre todo no seu servizo encami\u00f1ado sempre \u00e1 percepci\u00f3n da excelencia por parte [&hellip;]\" \/>\n<meta property=\"og:url\" content=\"https:\/\/balneariodelugo.com\/gl\/politica-de-calidade\/\" \/>\n<meta property=\"og:site_name\" content=\"Hotel Balneario de Lugo - Termas Romanas\" \/>\n<meta property=\"article:modified_time\" content=\"2020-06-23T10:01:43+00:00\" \/>\n<meta name=\"twitter:label1\" content=\"Tempo de lectura\" \/>\n\t<meta name=\"twitter:data1\" content=\"2 minutos\" \/>\n<script type=\"application\/ld+json\" class=\"yoast-schema-graph\">{\"@context\":\"https:\\\/\\\/schema.org\",\"@graph\":[{\"@type\":\"WebPage\",\"@id\":\"https:\\\/\\\/balneariodelugo.com\\\/gl\\\/politica-de-calidade\\\/\",\"url\":\"https:\\\/\\\/balneariodelugo.com\\\/gl\\\/politica-de-calidade\\\/\",\"name\":\"Pol\u00edtica de calidade | Hotel - Balneario de Lugo\",\"isPartOf\":{\"@id\":\"https:\\\/\\\/balneariodelugo.com\\\/gl\\\/#website\"},\"datePublished\":\"2020-06-23T10:00:26+00:00\",\"dateModified\":\"2020-06-23T10:01:43+00:00\",\"breadcrumb\":{\"@id\":\"https:\\\/\\\/balneariodelugo.com\\\/gl\\\/politica-de-calidade\\\/#breadcrumb\"},\"inLanguage\":\"gl-ES\",\"potentialAction\":[{\"@type\":\"ReadAction\",\"target\":[\"https:\\\/\\\/balneariodelugo.com\\\/gl\\\/politica-de-calidade\\\/\"]}]},{\"@type\":\"BreadcrumbList\",\"@id\":\"https:\\\/\\\/balneariodelugo.com\\\/gl\\\/politica-de-calidade\\\/#breadcrumb\",\"itemListElement\":[{\"@type\":\"ListItem\",\"position\":1,\"name\":\"Portada\",\"item\":\"https:\\\/\\\/balneariodelugo.com\\\/gl\\\/\"},{\"@type\":\"ListItem\",\"position\":2,\"name\":\"Pol\u00edtica de calidade\"}]},{\"@type\":\"WebSite\",\"@id\":\"https:\\\/\\\/balneariodelugo.com\\\/gl\\\/#website\",\"url\":\"https:\\\/\\\/balneariodelugo.com\\\/gl\\\/\",\"name\":\"Hotel Balneario de Lugo - Termas Romanas\",\"description\":\"\",\"potentialAction\":[{\"@type\":\"SearchAction\",\"target\":{\"@type\":\"EntryPoint\",\"urlTemplate\":\"https:\\\/\\\/balneariodelugo.com\\\/gl\\\/?s={search_term_string}\"},\"query-input\":{\"@type\":\"PropertyValueSpecification\",\"valueRequired\":true,\"valueName\":\"search_term_string\"}}],\"inLanguage\":\"gl-ES\"}]}<\/script>\n<!-- \/ Yoast SEO plugin. -->","yoast_head_json":{"title":"Pol\u00edtica de calidade | Hotel - Balneario de Lugo","robots":{"index":"index","follow":"follow","max-snippet":"max-snippet:-1","max-image-preview":"max-image-preview:large","max-video-preview":"max-video-preview:-1"},"canonical":"https:\/\/balneariodelugo.com\/gl\/politica-de-calidade\/","og_locale":"gl_ES","og_type":"article","og_title":"Pol\u00edtica de calidade | Hotel - Balneario de Lugo","og_description":"BALNEARIO E TERMAS DE LUGO disp\u00f3n dun balneario con hotel de 3 estrelas e a s\u00faa finalidade \u00e9 manter a s\u00faa posici\u00f3n de liderado no sector sendo un referente para ter en conta. A calidade ha de percibirse nas s\u00faas instalaci\u00f3ns pero sobre todo no seu servizo encami\u00f1ado sempre \u00e1 percepci\u00f3n da excelencia por parte [&hellip;]","og_url":"https:\/\/balneariodelugo.com\/gl\/politica-de-calidade\/","og_site_name":"Hotel Balneario de Lugo - Termas Romanas","article_modified_time":"2020-06-23T10:01:43+00:00","twitter_misc":{"Tempo de lectura":"2 minutos"},"schema":{"@context":"https:\/\/schema.org","@graph":[{"@type":"WebPage","@id":"https:\/\/balneariodelugo.com\/gl\/politica-de-calidade\/","url":"https:\/\/balneariodelugo.com\/gl\/politica-de-calidade\/","name":"Pol\u00edtica de calidade | Hotel - Balneario de Lugo","isPartOf":{"@id":"https:\/\/balneariodelugo.com\/gl\/#website"},"datePublished":"2020-06-23T10:00:26+00:00","dateModified":"2020-06-23T10:01:43+00:00","breadcrumb":{"@id":"https:\/\/balneariodelugo.com\/gl\/politica-de-calidade\/#breadcrumb"},"inLanguage":"gl-ES","potentialAction":[{"@type":"ReadAction","target":["https:\/\/balneariodelugo.com\/gl\/politica-de-calidade\/"]}]},{"@type":"BreadcrumbList","@id":"https:\/\/balneariodelugo.com\/gl\/politica-de-calidade\/#breadcrumb","itemListElement":[{"@type":"ListItem","position":1,"name":"Portada","item":"https:\/\/balneariodelugo.com\/gl\/"},{"@type":"ListItem","position":2,"name":"Pol\u00edtica de calidade"}]},{"@type":"WebSite","@id":"https:\/\/balneariodelugo.com\/gl\/#website","url":"https:\/\/balneariodelugo.com\/gl\/","name":"Hotel Balneario de Lugo - Termas Romanas","description":"","potentialAction":[{"@type":"SearchAction","target":{"@type":"EntryPoint","urlTemplate":"https:\/\/balneariodelugo.com\/gl\/?s={search_term_string}"},"query-input":{"@type":"PropertyValueSpecification","valueRequired":true,"valueName":"search_term_string"}}],"inLanguage":"gl-ES"}]}},"_links":{"self":[{"href":"https:\/\/balneariodelugo.com\/gl\/wp-json\/wp\/v2\/pages\/15941","targetHints":{"allow":["GET"]}}],"collection":[{"href":"https:\/\/balneariodelugo.com\/gl\/wp-json\/wp\/v2\/pages"}],"about":[{"href":"https:\/\/balneariodelugo.com\/gl\/wp-json\/wp\/v2\/types\/page"}],"author":[{"embeddable":true,"href":"https:\/\/balneariodelugo.com\/gl\/wp-json\/wp\/v2\/users\/4"}],"replies":[{"embeddable":true,"href":"https:\/\/balneariodelugo.com\/gl\/wp-json\/wp\/v2\/comments?post=15941"}],"version-history":[{"count":0,"href":"https:\/\/balneariodelugo.com\/gl\/wp-json\/wp\/v2\/pages\/15941\/revisions"}],"wp:attachment":[{"href":"https:\/\/balneariodelugo.com\/gl\/wp-json\/wp\/v2\/media?parent=15941"}],"curies":[{"name":"wp","href":"https:\/\/api.w.org\/{rel}","templated":true}]}}