{"id":15706,"date":"2018-10-19T13:31:42","date_gmt":"2018-10-19T11:31:42","guid":{"rendered":"https:\/\/new.balneariodelugo.com\/normas-de-regimen-interno\/"},"modified":"2020-05-18T12:19:20","modified_gmt":"2020-05-18T12:19:20","slug":"normas-de-rexime-interno","status":"publish","type":"page","link":"https:\/\/balneariodelugo.com\/gl\/normas-de-rexime-interno\/","title":{"rendered":"NORMAS DE REXIME INTERNO NO HOTEL BALNEARIO DE LUGO"},"content":{"rendered":"<p>1. O check-in realizarase a partir das 14.00h e o check-out antes das 12.00h., de non ser as\u00ed o establecemento res\u00e9rvase o dereito a cobrar unha estand\u00eda m\u00e1is.<br \/>\n2. Os clientes que entren no hotel m\u00e1is tarde das 20:00h deber\u00e1n comunicalo<br \/>\n3. Para confirmar unha reserva d\u00e9bese aportar:<br \/>\n\u2013 Nome e apelidos<br \/>\n\u2013 Tel\u00e9fono de contacto<br \/>\n\u2013 N\u00famero de tarxeta e data de caducidade<br \/>\nO establecemento res\u00e9rvase o dereito de cancelala reserva no caso de que a informaci\u00f3n aportada fose falsa<br \/>\n4. Ter\u00e1n preferencia \u00e1 hora de efectuala reserva as persoas que fagan uso das instalaci\u00f3ns do balneario<br \/>\n5. Toda persoa maior de 16 anos deber\u00e1 rexistrarse antes de aloxarse no hotel tal e como estipula a lexislaci\u00f3n vixente.<br \/>\n6. Menores de 18 anos (menores de idade) non poden hospedarse sos.<br \/>\n7. Neste establecemento so se aceptan as seguintes tarxetas de cr\u00e9dito:<br \/>\nVISA, MASTERCARD, 4B, Euro6000 e MAESTRO (Non se admiten American Express)<br \/>\n8. O pago en efectivo so se poder\u00e1 realizar exclusivamente en EUROS<br \/>\n9. O establecemento res\u00e9rvase o dereito a solicitar un porcentaxe do total da reserva no concepto de sinal no momento do check-in<br \/>\n10. Os tratamentos ab\u00f3nanse por adiantado. No caso de suspensi\u00f3n do tratamento s\u00f3 se proceder\u00e1 \u00e1 devoluci\u00f3n do mesmo presentando a factura orixinal e a orde de suspensi\u00f3n do tratamento por parte do Director\/a M\u00e9dico do Balneario de Lugo con motivo de contraindicaci\u00f3n m\u00e9dica. Prazo para efectuala devoluci\u00f3n 30 d\u00edas dende a data de facturaci\u00f3n.<br \/>\n11. O horario de facturaci\u00f3n \u00e9 de 8:30h a 22:00h<br \/>\n12. Non se pode exceder a ocupaci\u00f3n m\u00e1xima especificada para o tipo de habitaci\u00f3n contratada. O n\u00famero m\u00e1ximo de ocupantes de habitaci\u00f3n terase que especificar na reserva:<\/p>\n<p>\u2013 Habitaci\u00f3n dobre\u2026\u2026\u2026\u2026\u2026\u2026..\u2026\u2026\u2026\u2026\u2026\u2026.\u2026.d\u00faas persoas<br \/>\n\u2013 Habitaci\u00f3n dobre con supletoria\u2026\u2026\u2026\u2026\u2026\u2026\u2026\u2026tres persoas<br \/>\n\u2013 Habitaci\u00f3n dobre con d\u00faas supletorias\u2026\u2026\u2026\u2026\u2026catro persoas<br \/>\n\u2013 Habitaci\u00f3n dobre uso individual\u2026\u2026\u2026\u2026\u2026\u2026.\u2026.unha persoa<br \/>\n\u2013 Habitaci\u00f3n individual\u2026\u2026\u2026\u2026\u2026\u2026\u2026\u2026\u2026\u2026\u2026\u2026.unha persoa<\/p>\n<p>No caso de necesitar cuna deber\u00e1 solicitarse no momento da reserva. A cuna facilitarase (baixo dispo\u00f1ibilidade) a nenos de ata 3 anos.<\/p>\n<p>13. O servizo de comedor r\u00edxese de acordo \u00e1s seguintes condici\u00f3ns:<br \/>\n\u2013 So dispo\u00f1emos de men\u00fa do d\u00eda ( non carta)<br \/>\n\u2013 Menores de 10 anos, mesmo men\u00fa, con 50% de desconto<br \/>\n\u2013 Non se permite compartir men\u00fa<\/p>\n<p>14. Non se permite sacar alimentos, comidas nin bebidas do comedor do hotel nin do servizo buffet do almorzo.<br \/>\n15. O horario de limpeza das habitaci\u00f3ns \u00e9 de 8:00h. a 14:00h<br \/>\n16. Est\u00e1 prohibido fumar en todo o establecemento, incluido os exteriores do mesmo. No caso de incurrir nesta norma, o establecemento res\u00e9rvase o dereito de cancelala s\u00faa reserva as\u00ed como de tomar as medidas que considere oportunas para resarcir o dano ocasionado (custos da contrataci\u00f3n dunha empresa de limpeza especializada, custo da habitaci\u00f3n durante o periodo que non se poda utilizar ou outros gastos de xesti\u00f3n)<br \/>\n17. Non est\u00e1 permitido colgar prendas na fachada do hotel<br \/>\n18. Non se admiten mascotas<br \/>\n19. Non se permite levalos peri\u00f3dicos \u00e1s habitaci\u00f3ns nin acceder con eles a cafeter\u00eda no horario do almorzo<br \/>\n20. Os clientes que por distintas causas alteren a normal convivencia do establecemento, non poder\u00e1n disfrutar de ningunha das s\u00faas instalaci\u00f3ns, servizos ou dependencias.<br \/>\n21. Todo dano ou p\u00e9rdida causada polo cliente aos bens inmobles e enseres propiedade do establecemento deber\u00e1 abonalo dacordo co valor establecido pola Direcci\u00f3n<br \/>\n22. O establecemento non se fai responsable do di\u00f1eiro ou obxetos personais deixados polos clientes nas habitaci\u00f3ns ou distintas instalaci\u00f3ns tales como o parking<br \/>\n23. O establecemento non se fai responsable dos danos que poidan ser ocasionados por terceiros aos veh\u00edculos.<\/p>\n<p>A Direcci\u00f3n<\/p>\n","protected":false},"excerpt":{"rendered":"<p>1. O check-in realizarase a partir das 14.00h e o check-out antes das 12.00h., de non ser as\u00ed o establecemento res\u00e9rvase o dereito a cobrar unha estand\u00eda m\u00e1is. 2. Os clientes que entren no hotel m\u00e1is tarde das 20:00h deber\u00e1n comunicalo 3. Para confirmar unha reserva d\u00e9bese aportar: \u2013 Nome e apelidos \u2013 Tel\u00e9fono de [&hellip;]<\/p>\n","protected":false},"author":4,"featured_media":0,"parent":0,"menu_order":0,"comment_status":"closed","ping_status":"closed","template":"","meta":{"footnotes":""},"class_list":["post-15706","page","type-page","status-publish"],"yoast_head":"<!-- This site is optimized with the Yoast SEO plugin v27.5 - https:\/\/yoast.com\/product\/yoast-seo-wordpress\/ -->\n<title>Normas de rexime interno | Hotel - Balneario de Lugo<\/title>\n<meta name=\"robots\" content=\"index, follow, max-snippet:-1, max-image-preview:large, max-video-preview:-1\" \/>\n<link rel=\"canonical\" href=\"https:\/\/balneariodelugo.com\/gl\/normas-de-rexime-interno\/\" \/>\n<meta property=\"og:locale\" content=\"gl_ES\" \/>\n<meta property=\"og:type\" content=\"article\" \/>\n<meta property=\"og:title\" content=\"Normas de rexime interno | Hotel - Balneario de Lugo\" \/>\n<meta property=\"og:description\" content=\"1. O check-in realizarase a partir das 14.00h e o check-out antes das 12.00h., de non ser as\u00ed o establecemento res\u00e9rvase o dereito a cobrar unha estand\u00eda m\u00e1is. 2. Os clientes que entren no hotel m\u00e1is tarde das 20:00h deber\u00e1n comunicalo 3. Para confirmar unha reserva d\u00e9bese aportar: \u2013 Nome e apelidos \u2013 Tel\u00e9fono de [&hellip;]\" \/>\n<meta property=\"og:url\" content=\"https:\/\/balneariodelugo.com\/gl\/normas-de-rexime-interno\/\" \/>\n<meta property=\"og:site_name\" content=\"Hotel Balneario de Lugo - Termas Romanas\" \/>\n<meta property=\"article:modified_time\" content=\"2020-05-18T12:19:20+00:00\" \/>\n<meta name=\"twitter:label1\" content=\"Tempo de lectura\" \/>\n\t<meta name=\"twitter:data1\" content=\"3 minutos\" \/>\n<script type=\"application\/ld+json\" class=\"yoast-schema-graph\">{\"@context\":\"https:\\\/\\\/schema.org\",\"@graph\":[{\"@type\":\"WebPage\",\"@id\":\"https:\\\/\\\/balneariodelugo.com\\\/gl\\\/normas-de-rexime-interno\\\/\",\"url\":\"https:\\\/\\\/balneariodelugo.com\\\/gl\\\/normas-de-rexime-interno\\\/\",\"name\":\"Normas de rexime interno | Hotel - Balneario de Lugo\",\"isPartOf\":{\"@id\":\"https:\\\/\\\/balneariodelugo.com\\\/gl\\\/#website\"},\"datePublished\":\"2018-10-19T11:31:42+00:00\",\"dateModified\":\"2020-05-18T12:19:20+00:00\",\"breadcrumb\":{\"@id\":\"https:\\\/\\\/balneariodelugo.com\\\/gl\\\/normas-de-rexime-interno\\\/#breadcrumb\"},\"inLanguage\":\"gl-ES\",\"potentialAction\":[{\"@type\":\"ReadAction\",\"target\":[\"https:\\\/\\\/balneariodelugo.com\\\/gl\\\/normas-de-rexime-interno\\\/\"]}]},{\"@type\":\"BreadcrumbList\",\"@id\":\"https:\\\/\\\/balneariodelugo.com\\\/gl\\\/normas-de-rexime-interno\\\/#breadcrumb\",\"itemListElement\":[{\"@type\":\"ListItem\",\"position\":1,\"name\":\"Portada\",\"item\":\"https:\\\/\\\/balneariodelugo.com\\\/gl\\\/\"},{\"@type\":\"ListItem\",\"position\":2,\"name\":\"NORMAS DE REXIME INTERNO NO HOTEL BALNEARIO DE LUGO\"}]},{\"@type\":\"WebSite\",\"@id\":\"https:\\\/\\\/balneariodelugo.com\\\/gl\\\/#website\",\"url\":\"https:\\\/\\\/balneariodelugo.com\\\/gl\\\/\",\"name\":\"Hotel Balneario de Lugo - Termas Romanas\",\"description\":\"\",\"potentialAction\":[{\"@type\":\"SearchAction\",\"target\":{\"@type\":\"EntryPoint\",\"urlTemplate\":\"https:\\\/\\\/balneariodelugo.com\\\/gl\\\/?s={search_term_string}\"},\"query-input\":{\"@type\":\"PropertyValueSpecification\",\"valueRequired\":true,\"valueName\":\"search_term_string\"}}],\"inLanguage\":\"gl-ES\"}]}<\/script>\n<!-- \/ Yoast SEO plugin. -->","yoast_head_json":{"title":"Normas de rexime interno | Hotel - Balneario de Lugo","robots":{"index":"index","follow":"follow","max-snippet":"max-snippet:-1","max-image-preview":"max-image-preview:large","max-video-preview":"max-video-preview:-1"},"canonical":"https:\/\/balneariodelugo.com\/gl\/normas-de-rexime-interno\/","og_locale":"gl_ES","og_type":"article","og_title":"Normas de rexime interno | Hotel - Balneario de Lugo","og_description":"1. O check-in realizarase a partir das 14.00h e o check-out antes das 12.00h., de non ser as\u00ed o establecemento res\u00e9rvase o dereito a cobrar unha estand\u00eda m\u00e1is. 2. Os clientes que entren no hotel m\u00e1is tarde das 20:00h deber\u00e1n comunicalo 3. Para confirmar unha reserva d\u00e9bese aportar: \u2013 Nome e apelidos \u2013 Tel\u00e9fono de [&hellip;]","og_url":"https:\/\/balneariodelugo.com\/gl\/normas-de-rexime-interno\/","og_site_name":"Hotel Balneario de Lugo - Termas Romanas","article_modified_time":"2020-05-18T12:19:20+00:00","twitter_misc":{"Tempo de lectura":"3 minutos"},"schema":{"@context":"https:\/\/schema.org","@graph":[{"@type":"WebPage","@id":"https:\/\/balneariodelugo.com\/gl\/normas-de-rexime-interno\/","url":"https:\/\/balneariodelugo.com\/gl\/normas-de-rexime-interno\/","name":"Normas de rexime interno | Hotel - Balneario de Lugo","isPartOf":{"@id":"https:\/\/balneariodelugo.com\/gl\/#website"},"datePublished":"2018-10-19T11:31:42+00:00","dateModified":"2020-05-18T12:19:20+00:00","breadcrumb":{"@id":"https:\/\/balneariodelugo.com\/gl\/normas-de-rexime-interno\/#breadcrumb"},"inLanguage":"gl-ES","potentialAction":[{"@type":"ReadAction","target":["https:\/\/balneariodelugo.com\/gl\/normas-de-rexime-interno\/"]}]},{"@type":"BreadcrumbList","@id":"https:\/\/balneariodelugo.com\/gl\/normas-de-rexime-interno\/#breadcrumb","itemListElement":[{"@type":"ListItem","position":1,"name":"Portada","item":"https:\/\/balneariodelugo.com\/gl\/"},{"@type":"ListItem","position":2,"name":"NORMAS DE REXIME INTERNO NO HOTEL BALNEARIO DE LUGO"}]},{"@type":"WebSite","@id":"https:\/\/balneariodelugo.com\/gl\/#website","url":"https:\/\/balneariodelugo.com\/gl\/","name":"Hotel Balneario de Lugo - Termas Romanas","description":"","potentialAction":[{"@type":"SearchAction","target":{"@type":"EntryPoint","urlTemplate":"https:\/\/balneariodelugo.com\/gl\/?s={search_term_string}"},"query-input":{"@type":"PropertyValueSpecification","valueRequired":true,"valueName":"search_term_string"}}],"inLanguage":"gl-ES"}]}},"_links":{"self":[{"href":"https:\/\/balneariodelugo.com\/gl\/wp-json\/wp\/v2\/pages\/15706","targetHints":{"allow":["GET"]}}],"collection":[{"href":"https:\/\/balneariodelugo.com\/gl\/wp-json\/wp\/v2\/pages"}],"about":[{"href":"https:\/\/balneariodelugo.com\/gl\/wp-json\/wp\/v2\/types\/page"}],"author":[{"embeddable":true,"href":"https:\/\/balneariodelugo.com\/gl\/wp-json\/wp\/v2\/users\/4"}],"replies":[{"embeddable":true,"href":"https:\/\/balneariodelugo.com\/gl\/wp-json\/wp\/v2\/comments?post=15706"}],"version-history":[{"count":0,"href":"https:\/\/balneariodelugo.com\/gl\/wp-json\/wp\/v2\/pages\/15706\/revisions"}],"wp:attachment":[{"href":"https:\/\/balneariodelugo.com\/gl\/wp-json\/wp\/v2\/media?parent=15706"}],"curies":[{"name":"wp","href":"https:\/\/api.w.org\/{rel}","templated":true}]}}