{"id":15512,"date":"2020-05-14T09:10:36","date_gmt":"2020-05-14T09:10:36","guid":{"rendered":"https:\/\/new.balneariodelugo.com\/?page_id=15512"},"modified":"2020-05-18T12:35:48","modified_gmt":"2020-05-18T12:35:48","slug":"regalar-saude","status":"publish","type":"page","link":"https:\/\/balneariodelugo.com\/gl\/regalar-saude\/","title":{"rendered":"REGALAR SAUDE"},"content":{"rendered":"<p><strong>Un regalo diferente, un regalo especial&#8230;un bono a medida<\/strong><\/p>\n<p><strong>Bonos personalizados para agasallar sa\u00fade<\/strong><\/p>\n<p style=\"text-align: justify;\">No Balneario de Lugo ofrec\u00e9moslle a posibilidade de sorprender \u00e1 s\u00faa parella, amigos, familiares ou a empregados agasallando estad\u00edas ou tratamentos no noso hotel-balneario.<\/p>\n<p style=\"text-align: justify;\">Os bonos son a soluci\u00f3n ideal para facer un agasallo que vai moito m\u00e1is al\u00e1, un agasallo que vale m\u00e1is do que costa.<\/p>\n<p style=\"text-align: justify;\">Agasalle unha experiencia, a experiencia de disfrutar dunha escapada no noso hotel ubicado \u00e1 beira do R\u00edo Mi\u00f1o ou a de disfrutar dos beneficios das nosas augas termais.<\/p>\n<p style=\"text-align: justify;\">Faga un agasallo o seu gusto, ofrec\u00e9moslle a posibilidade de combinar a estad\u00eda, promoci\u00f3ns especiais, tratamentos e programas do Balneario que vostede escolla.<\/p>\n<p style=\"text-align: justify;\">A duraci\u00f3n destos Bonos Regalo \u00e9 de Marzo a Novembro de 2018.<\/p>\n<p style=\"text-align: justify;\">Unha gran alternativa para aqueles que buscan agasallar algo diferente, algo especial.<\/p>\n","protected":false},"excerpt":{"rendered":"<p>Un regalo diferente, un regalo especial&#8230;un bono a medida Bonos personalizados para agasallar sa\u00fade No Balneario de Lugo ofrec\u00e9moslle a posibilidade de sorprender \u00e1 s\u00faa parella, amigos, familiares ou a empregados agasallando estad\u00edas ou tratamentos no noso hotel-balneario. Os bonos son a soluci\u00f3n ideal para facer un agasallo que vai moito m\u00e1is al\u00e1, un agasallo [&hellip;]<\/p>\n","protected":false},"author":4,"featured_media":0,"parent":0,"menu_order":0,"comment_status":"closed","ping_status":"closed","template":"","meta":{"footnotes":""},"class_list":["post-15512","page","type-page","status-publish"],"yoast_head":"<!-- This site is optimized with the Yoast SEO plugin v27.4 - https:\/\/yoast.com\/product\/yoast-seo-wordpress\/ -->\n<title>Regalar saude | Hotel Balneario de Lugo<\/title>\n<meta name=\"robots\" content=\"index, follow, max-snippet:-1, max-image-preview:large, max-video-preview:-1\" \/>\n<link rel=\"canonical\" href=\"https:\/\/balneariodelugo.com\/gl\/regalar-saude\/\" \/>\n<meta property=\"og:locale\" content=\"gl_ES\" \/>\n<meta property=\"og:type\" content=\"article\" \/>\n<meta property=\"og:title\" content=\"Regalar saude | Hotel Balneario de Lugo\" \/>\n<meta property=\"og:description\" content=\"Un regalo diferente, un regalo especial&#8230;un bono a medida Bonos personalizados para agasallar sa\u00fade No Balneario de Lugo ofrec\u00e9moslle a posibilidade de sorprender \u00e1 s\u00faa parella, amigos, familiares ou a empregados agasallando estad\u00edas ou tratamentos no noso hotel-balneario. Os bonos son a soluci\u00f3n ideal para facer un agasallo que vai moito m\u00e1is al\u00e1, un agasallo [&hellip;]\" \/>\n<meta property=\"og:url\" content=\"https:\/\/balneariodelugo.com\/gl\/regalar-saude\/\" \/>\n<meta property=\"og:site_name\" content=\"Hotel Balneario de Lugo - Termas Romanas\" \/>\n<meta property=\"article:modified_time\" content=\"2020-05-18T12:35:48+00:00\" \/>\n<meta name=\"twitter:label1\" content=\"Tempo de lectura\" \/>\n\t<meta name=\"twitter:data1\" content=\"1 minuto\" \/>\n<script type=\"application\/ld+json\" class=\"yoast-schema-graph\">{\"@context\":\"https:\\\/\\\/schema.org\",\"@graph\":[{\"@type\":\"WebPage\",\"@id\":\"https:\\\/\\\/balneariodelugo.com\\\/gl\\\/regalar-saude\\\/\",\"url\":\"https:\\\/\\\/balneariodelugo.com\\\/gl\\\/regalar-saude\\\/\",\"name\":\"Regalar saude | Hotel Balneario de Lugo\",\"isPartOf\":{\"@id\":\"https:\\\/\\\/balneariodelugo.com\\\/gl\\\/#website\"},\"datePublished\":\"2020-05-14T09:10:36+00:00\",\"dateModified\":\"2020-05-18T12:35:48+00:00\",\"breadcrumb\":{\"@id\":\"https:\\\/\\\/balneariodelugo.com\\\/gl\\\/regalar-saude\\\/#breadcrumb\"},\"inLanguage\":\"gl-ES\",\"potentialAction\":[{\"@type\":\"ReadAction\",\"target\":[\"https:\\\/\\\/balneariodelugo.com\\\/gl\\\/regalar-saude\\\/\"]}]},{\"@type\":\"BreadcrumbList\",\"@id\":\"https:\\\/\\\/balneariodelugo.com\\\/gl\\\/regalar-saude\\\/#breadcrumb\",\"itemListElement\":[{\"@type\":\"ListItem\",\"position\":1,\"name\":\"Portada\",\"item\":\"https:\\\/\\\/balneariodelugo.com\\\/gl\\\/\"},{\"@type\":\"ListItem\",\"position\":2,\"name\":\"REGALAR SAUDE\"}]},{\"@type\":\"WebSite\",\"@id\":\"https:\\\/\\\/balneariodelugo.com\\\/gl\\\/#website\",\"url\":\"https:\\\/\\\/balneariodelugo.com\\\/gl\\\/\",\"name\":\"Hotel Balneario de Lugo - Termas Romanas\",\"description\":\"\",\"potentialAction\":[{\"@type\":\"SearchAction\",\"target\":{\"@type\":\"EntryPoint\",\"urlTemplate\":\"https:\\\/\\\/balneariodelugo.com\\\/gl\\\/?s={search_term_string}\"},\"query-input\":{\"@type\":\"PropertyValueSpecification\",\"valueRequired\":true,\"valueName\":\"search_term_string\"}}],\"inLanguage\":\"gl-ES\"}]}<\/script>\n<!-- \/ Yoast SEO plugin. -->","yoast_head_json":{"title":"Regalar saude | Hotel Balneario de Lugo","robots":{"index":"index","follow":"follow","max-snippet":"max-snippet:-1","max-image-preview":"max-image-preview:large","max-video-preview":"max-video-preview:-1"},"canonical":"https:\/\/balneariodelugo.com\/gl\/regalar-saude\/","og_locale":"gl_ES","og_type":"article","og_title":"Regalar saude | Hotel Balneario de Lugo","og_description":"Un regalo diferente, un regalo especial&#8230;un bono a medida Bonos personalizados para agasallar sa\u00fade No Balneario de Lugo ofrec\u00e9moslle a posibilidade de sorprender \u00e1 s\u00faa parella, amigos, familiares ou a empregados agasallando estad\u00edas ou tratamentos no noso hotel-balneario. Os bonos son a soluci\u00f3n ideal para facer un agasallo que vai moito m\u00e1is al\u00e1, un agasallo [&hellip;]","og_url":"https:\/\/balneariodelugo.com\/gl\/regalar-saude\/","og_site_name":"Hotel Balneario de Lugo - Termas Romanas","article_modified_time":"2020-05-18T12:35:48+00:00","twitter_misc":{"Tempo de lectura":"1 minuto"},"schema":{"@context":"https:\/\/schema.org","@graph":[{"@type":"WebPage","@id":"https:\/\/balneariodelugo.com\/gl\/regalar-saude\/","url":"https:\/\/balneariodelugo.com\/gl\/regalar-saude\/","name":"Regalar saude | Hotel Balneario de Lugo","isPartOf":{"@id":"https:\/\/balneariodelugo.com\/gl\/#website"},"datePublished":"2020-05-14T09:10:36+00:00","dateModified":"2020-05-18T12:35:48+00:00","breadcrumb":{"@id":"https:\/\/balneariodelugo.com\/gl\/regalar-saude\/#breadcrumb"},"inLanguage":"gl-ES","potentialAction":[{"@type":"ReadAction","target":["https:\/\/balneariodelugo.com\/gl\/regalar-saude\/"]}]},{"@type":"BreadcrumbList","@id":"https:\/\/balneariodelugo.com\/gl\/regalar-saude\/#breadcrumb","itemListElement":[{"@type":"ListItem","position":1,"name":"Portada","item":"https:\/\/balneariodelugo.com\/gl\/"},{"@type":"ListItem","position":2,"name":"REGALAR SAUDE"}]},{"@type":"WebSite","@id":"https:\/\/balneariodelugo.com\/gl\/#website","url":"https:\/\/balneariodelugo.com\/gl\/","name":"Hotel Balneario de Lugo - Termas Romanas","description":"","potentialAction":[{"@type":"SearchAction","target":{"@type":"EntryPoint","urlTemplate":"https:\/\/balneariodelugo.com\/gl\/?s={search_term_string}"},"query-input":{"@type":"PropertyValueSpecification","valueRequired":true,"valueName":"search_term_string"}}],"inLanguage":"gl-ES"}]}},"_links":{"self":[{"href":"https:\/\/balneariodelugo.com\/gl\/wp-json\/wp\/v2\/pages\/15512","targetHints":{"allow":["GET"]}}],"collection":[{"href":"https:\/\/balneariodelugo.com\/gl\/wp-json\/wp\/v2\/pages"}],"about":[{"href":"https:\/\/balneariodelugo.com\/gl\/wp-json\/wp\/v2\/types\/page"}],"author":[{"embeddable":true,"href":"https:\/\/balneariodelugo.com\/gl\/wp-json\/wp\/v2\/users\/4"}],"replies":[{"embeddable":true,"href":"https:\/\/balneariodelugo.com\/gl\/wp-json\/wp\/v2\/comments?post=15512"}],"version-history":[{"count":0,"href":"https:\/\/balneariodelugo.com\/gl\/wp-json\/wp\/v2\/pages\/15512\/revisions"}],"wp:attachment":[{"href":"https:\/\/balneariodelugo.com\/gl\/wp-json\/wp\/v2\/media?parent=15512"}],"curies":[{"name":"wp","href":"https:\/\/api.w.org\/{rel}","templated":true}]}}