{"id":15490,"date":"2020-05-13T09:40:47","date_gmt":"2020-05-13T09:40:47","guid":{"rendered":"https:\/\/new.balneariodelugo.com\/?page_id=15490"},"modified":"2020-05-13T09:40:48","modified_gmt":"2020-05-13T09:40:48","slug":"acesibilidade","status":"publish","type":"page","link":"https:\/\/balneariodelugo.com\/gl\/acesibilidade\/","title":{"rendered":"Acesibilidade"},"content":{"rendered":"<h2>1. ACCESOS<\/h2>\n<p>Na entrada principal, situada no xard\u00edn, existe unha praza de aparcadoiro&nbsp;habilitada para discapacitados preto da entrada principal.<br \/>\nPara entrar no hotel, existe unha rampa debaixo das escaleiras pola que se entra a pranta baixa (Pranta 0).<\/p>\n<h2>2. HABITACI\u00d3NS<\/h2>\n<p>Existen 3 habitaci\u00f3ns habilitadas para minusv\u00e1lidos; unha na segunda, unha na terceira e&nbsp;outra na cuarta. T\u00f3dalas habitaci\u00f3ns son dobres e dispo\u00f1en de ba\u00f1o completo con ba\u00f1eira, non con prato de ducha.<br \/>\nA t\u00f3dalas prantas onde est\u00e1n estas habitaci\u00f3ns ch\u00e9gase&nbsp;en ascensor.<\/p>\n<h2>3. COMEDOR<\/h2>\n<p>A reforma acometida recentemente permite que o ascensor chegue directamente a entrepranta &nbsp;onde esta situado o comedor.<\/p>\n<h2>4. SERVIZOS DE BALNEARIO<\/h2>\n<p>O balneario est\u00e1 situado na Pranta 0. Nel &nbsp;poder\u00e1 realizar calquer tratamento respiratorio, masaxes, fangos\u2026<br \/>\nO resto dos servizos que non poida realizar no balneario da pranta baixa faranse no circuito situado ao fondo da Pranta 1.<\/p>\n<h2>5. OUTROS DATOS DE INTERESE<\/h2>\n<p>Existen 2 ascensores en cada unha das prantas, excepto na Pranta 0 e na Pranta 4 que s\u00f3lo hai 1. Hai un ba\u00f1o adaptado para discapacitados na Pranta 1.<br \/>\nA cafeter\u00eda, de doado&nbsp;acceso, est\u00e1 situada na Pranta 1. P\u00f3dese acceder dende recepci\u00f3n e ten unha porta que vai &nbsp;dar a terraza.<\/p>\n<p><em>(m\u00e1is informaci\u00f3n na gu\u00eda de aloxamentos accesibles 2012 editada por Turgalicia)<\/em><\/p>\n","protected":false},"excerpt":{"rendered":"<p>1. ACCESOS Na entrada principal, situada no xard\u00edn, existe unha praza de aparcadoiro&nbsp;habilitada para discapacitados preto da entrada principal. Para entrar no hotel, existe unha rampa debaixo das escaleiras pola que se entra a pranta baixa (Pranta 0). 2. HABITACI\u00d3NS Existen 3 habitaci\u00f3ns habilitadas para minusv\u00e1lidos; unha na segunda, unha na terceira e&nbsp;outra na cuarta. [&hellip;]<\/p>\n","protected":false},"author":4,"featured_media":0,"parent":0,"menu_order":0,"comment_status":"closed","ping_status":"closed","template":"","meta":{"footnotes":""},"class_list":["post-15490","page","type-page","status-publish"],"yoast_head":"<!-- This site is optimized with the Yoast SEO plugin v27.4 - https:\/\/yoast.com\/product\/yoast-seo-wordpress\/ -->\n<title>Hotel Balneario adaptado para minusv\u00e1lidos.<\/title>\n<meta name=\"robots\" content=\"index, follow, max-snippet:-1, max-image-preview:large, max-video-preview:-1\" \/>\n<link rel=\"canonical\" href=\"https:\/\/balneariodelugo.com\/gl\/acesibilidade\/\" \/>\n<meta property=\"og:locale\" content=\"gl_ES\" \/>\n<meta property=\"og:type\" content=\"article\" \/>\n<meta property=\"og:title\" content=\"Hotel Balneario adaptado para minusv\u00e1lidos.\" \/>\n<meta property=\"og:description\" content=\"1. ACCESOS Na entrada principal, situada no xard\u00edn, existe unha praza de aparcadoiro&nbsp;habilitada para discapacitados preto da entrada principal. Para entrar no hotel, existe unha rampa debaixo das escaleiras pola que se entra a pranta baixa (Pranta 0). 2. HABITACI\u00d3NS Existen 3 habitaci\u00f3ns habilitadas para minusv\u00e1lidos; unha na segunda, unha na terceira e&nbsp;outra na cuarta. [&hellip;]\" \/>\n<meta property=\"og:url\" content=\"https:\/\/balneariodelugo.com\/gl\/acesibilidade\/\" \/>\n<meta property=\"og:site_name\" content=\"Hotel Balneario de Lugo - Termas Romanas\" \/>\n<meta property=\"article:modified_time\" content=\"2020-05-13T09:40:48+00:00\" \/>\n<meta name=\"twitter:label1\" content=\"Tempo de lectura\" \/>\n\t<meta name=\"twitter:data1\" content=\"1 minuto\" \/>\n<script type=\"application\/ld+json\" class=\"yoast-schema-graph\">{\"@context\":\"https:\\\/\\\/schema.org\",\"@graph\":[{\"@type\":\"WebPage\",\"@id\":\"https:\\\/\\\/balneariodelugo.com\\\/gl\\\/acesibilidade\\\/\",\"url\":\"https:\\\/\\\/balneariodelugo.com\\\/gl\\\/acesibilidade\\\/\",\"name\":\"Hotel Balneario adaptado para minusv\u00e1lidos.\",\"isPartOf\":{\"@id\":\"https:\\\/\\\/balneariodelugo.com\\\/gl\\\/#website\"},\"datePublished\":\"2020-05-13T09:40:47+00:00\",\"dateModified\":\"2020-05-13T09:40:48+00:00\",\"breadcrumb\":{\"@id\":\"https:\\\/\\\/balneariodelugo.com\\\/gl\\\/acesibilidade\\\/#breadcrumb\"},\"inLanguage\":\"gl-ES\",\"potentialAction\":[{\"@type\":\"ReadAction\",\"target\":[\"https:\\\/\\\/balneariodelugo.com\\\/gl\\\/acesibilidade\\\/\"]}]},{\"@type\":\"BreadcrumbList\",\"@id\":\"https:\\\/\\\/balneariodelugo.com\\\/gl\\\/acesibilidade\\\/#breadcrumb\",\"itemListElement\":[{\"@type\":\"ListItem\",\"position\":1,\"name\":\"Portada\",\"item\":\"https:\\\/\\\/balneariodelugo.com\\\/gl\\\/\"},{\"@type\":\"ListItem\",\"position\":2,\"name\":\"Acesibilidade\"}]},{\"@type\":\"WebSite\",\"@id\":\"https:\\\/\\\/balneariodelugo.com\\\/gl\\\/#website\",\"url\":\"https:\\\/\\\/balneariodelugo.com\\\/gl\\\/\",\"name\":\"Hotel Balneario de Lugo - Termas Romanas\",\"description\":\"\",\"potentialAction\":[{\"@type\":\"SearchAction\",\"target\":{\"@type\":\"EntryPoint\",\"urlTemplate\":\"https:\\\/\\\/balneariodelugo.com\\\/gl\\\/?s={search_term_string}\"},\"query-input\":{\"@type\":\"PropertyValueSpecification\",\"valueRequired\":true,\"valueName\":\"search_term_string\"}}],\"inLanguage\":\"gl-ES\"}]}<\/script>\n<!-- \/ Yoast SEO plugin. -->","yoast_head_json":{"title":"Hotel Balneario adaptado para minusv\u00e1lidos.","robots":{"index":"index","follow":"follow","max-snippet":"max-snippet:-1","max-image-preview":"max-image-preview:large","max-video-preview":"max-video-preview:-1"},"canonical":"https:\/\/balneariodelugo.com\/gl\/acesibilidade\/","og_locale":"gl_ES","og_type":"article","og_title":"Hotel Balneario adaptado para minusv\u00e1lidos.","og_description":"1. ACCESOS Na entrada principal, situada no xard\u00edn, existe unha praza de aparcadoiro&nbsp;habilitada para discapacitados preto da entrada principal. Para entrar no hotel, existe unha rampa debaixo das escaleiras pola que se entra a pranta baixa (Pranta 0). 2. HABITACI\u00d3NS Existen 3 habitaci\u00f3ns habilitadas para minusv\u00e1lidos; unha na segunda, unha na terceira e&nbsp;outra na cuarta. [&hellip;]","og_url":"https:\/\/balneariodelugo.com\/gl\/acesibilidade\/","og_site_name":"Hotel Balneario de Lugo - Termas Romanas","article_modified_time":"2020-05-13T09:40:48+00:00","twitter_misc":{"Tempo de lectura":"1 minuto"},"schema":{"@context":"https:\/\/schema.org","@graph":[{"@type":"WebPage","@id":"https:\/\/balneariodelugo.com\/gl\/acesibilidade\/","url":"https:\/\/balneariodelugo.com\/gl\/acesibilidade\/","name":"Hotel Balneario adaptado para minusv\u00e1lidos.","isPartOf":{"@id":"https:\/\/balneariodelugo.com\/gl\/#website"},"datePublished":"2020-05-13T09:40:47+00:00","dateModified":"2020-05-13T09:40:48+00:00","breadcrumb":{"@id":"https:\/\/balneariodelugo.com\/gl\/acesibilidade\/#breadcrumb"},"inLanguage":"gl-ES","potentialAction":[{"@type":"ReadAction","target":["https:\/\/balneariodelugo.com\/gl\/acesibilidade\/"]}]},{"@type":"BreadcrumbList","@id":"https:\/\/balneariodelugo.com\/gl\/acesibilidade\/#breadcrumb","itemListElement":[{"@type":"ListItem","position":1,"name":"Portada","item":"https:\/\/balneariodelugo.com\/gl\/"},{"@type":"ListItem","position":2,"name":"Acesibilidade"}]},{"@type":"WebSite","@id":"https:\/\/balneariodelugo.com\/gl\/#website","url":"https:\/\/balneariodelugo.com\/gl\/","name":"Hotel Balneario de Lugo - Termas Romanas","description":"","potentialAction":[{"@type":"SearchAction","target":{"@type":"EntryPoint","urlTemplate":"https:\/\/balneariodelugo.com\/gl\/?s={search_term_string}"},"query-input":{"@type":"PropertyValueSpecification","valueRequired":true,"valueName":"search_term_string"}}],"inLanguage":"gl-ES"}]}},"_links":{"self":[{"href":"https:\/\/balneariodelugo.com\/gl\/wp-json\/wp\/v2\/pages\/15490","targetHints":{"allow":["GET"]}}],"collection":[{"href":"https:\/\/balneariodelugo.com\/gl\/wp-json\/wp\/v2\/pages"}],"about":[{"href":"https:\/\/balneariodelugo.com\/gl\/wp-json\/wp\/v2\/types\/page"}],"author":[{"embeddable":true,"href":"https:\/\/balneariodelugo.com\/gl\/wp-json\/wp\/v2\/users\/4"}],"replies":[{"embeddable":true,"href":"https:\/\/balneariodelugo.com\/gl\/wp-json\/wp\/v2\/comments?post=15490"}],"version-history":[{"count":0,"href":"https:\/\/balneariodelugo.com\/gl\/wp-json\/wp\/v2\/pages\/15490\/revisions"}],"wp:attachment":[{"href":"https:\/\/balneariodelugo.com\/gl\/wp-json\/wp\/v2\/media?parent=15490"}],"curies":[{"name":"wp","href":"https:\/\/api.w.org\/{rel}","templated":true}]}}